{"id":16,"date":"2021-03-08T16:20:58","date_gmt":"2021-03-08T16:20:58","guid":{"rendered":"https:\/\/giada.qodeinteractive.com\/my-account\/"},"modified":"2022-05-02T15:22:22","modified_gmt":"2022-05-02T13:22:22","slug":"moj-nalog","status":"publish","type":"page","link":"https:\/\/olivera-atelier.com\/rs\/moj-nalog\/","title":{"rendered":"Moj nalog"},"content":{"rendered":"<div class=\"woocommerce\"><\/div>\n","protected":false},"excerpt":{"rendered":"","protected":false},"author":1,"featured_media":0,"parent":0,"menu_order":0,"comment_status":"closed","ping_status":"closed","template":"","meta":{"footnotes":""},"class_list":["post-16","page","type-page","status-publish","hentry"],"yoast_head":"<!-- This site is optimized with the Yoast SEO plugin v26.9 - https:\/\/yoast.com\/product\/yoast-seo-wordpress\/ -->\n<title>Moj nalog || Olivera Atelier - Haljine visoke mode<\/title>\n<meta name=\"description\" content=\"Moj nalog - Napravite svoj nalog na sajtu Olivera Atelier i budite u toku sa novim de\u0161avanjima, tako\u0111e uvek mo\u017eete da vidite ...\" \/>\n<meta name=\"robots\" content=\"index, follow, max-snippet:-1, max-image-preview:large, max-video-preview:-1\" \/>\n<link rel=\"canonical\" href=\"https:\/\/olivera-atelier.com\/rs\/moj-nalog\/\" \/>\n<meta property=\"og:locale\" content=\"sr_RS\" \/>\n<meta property=\"og:type\" content=\"article\" \/>\n<meta property=\"og:title\" content=\"Moj nalog || Olivera Atelier - Haljine visoke mode\" \/>\n<meta property=\"og:description\" content=\"Moj nalog - Napravite svoj nalog na sajtu Olivera Atelier i budite u toku sa novim de\u0161avanjima, tako\u0111e uvek mo\u017eete da vidite ...\" \/>\n<meta property=\"og:url\" content=\"https:\/\/olivera-atelier.com\/rs\/moj-nalog\/\" \/>\n<meta property=\"og:site_name\" content=\"Prodaja haljina\" \/>\n<meta property=\"article:publisher\" content=\"https:\/\/www.facebook.com\/Olivera-Atelier-101270025105870\/\" \/>\n<meta property=\"article:modified_time\" content=\"2022-05-02T13:22:22+00:00\" \/>\n<meta name=\"twitter:card\" content=\"summary_large_image\" \/>\n<script type=\"application\/ld+json\" class=\"yoast-schema-graph\">{\"@context\":\"https:\/\/schema.org\",\"@graph\":[{\"@type\":\"WebPage\",\"@id\":\"https:\/\/olivera-atelier.com\/rs\/moj-nalog\/\",\"url\":\"https:\/\/olivera-atelier.com\/rs\/moj-nalog\/\",\"name\":\"Moj nalog || Olivera Atelier - Haljine visoke mode\",\"isPartOf\":{\"@id\":\"https:\/\/olivera-atelier.com\/rs\/#website\"},\"datePublished\":\"2021-03-08T16:20:58+00:00\",\"dateModified\":\"2022-05-02T13:22:22+00:00\",\"description\":\"Moj nalog - Napravite svoj nalog na sajtu Olivera Atelier i budite u toku sa novim de\u0161avanjima, tako\u0111e uvek mo\u017eete da vidite ...\",\"breadcrumb\":{\"@id\":\"https:\/\/olivera-atelier.com\/rs\/moj-nalog\/#breadcrumb\"},\"inLanguage\":\"sr-RS\",\"potentialAction\":[{\"@type\":\"ReadAction\",\"target\":[\"https:\/\/olivera-atelier.com\/rs\/moj-nalog\/\"]}]},{\"@type\":\"BreadcrumbList\",\"@id\":\"https:\/\/olivera-atelier.com\/rs\/moj-nalog\/#breadcrumb\",\"itemListElement\":[{\"@type\":\"ListItem\",\"position\":1,\"name\":\"Po\u010detna\",\"item\":\"https:\/\/olivera-atelier.com\/rs\/\"},{\"@type\":\"ListItem\",\"position\":2,\"name\":\"Moj nalog\"}]},{\"@type\":\"WebSite\",\"@id\":\"https:\/\/olivera-atelier.com\/rs\/#website\",\"url\":\"https:\/\/olivera-atelier.com\/rs\/\",\"name\":\"Prodaja haljina\",\"description\":\"Haljine visoke mode\",\"publisher\":{\"@id\":\"https:\/\/olivera-atelier.com\/rs\/#organization\"},\"potentialAction\":[{\"@type\":\"SearchAction\",\"target\":{\"@type\":\"EntryPoint\",\"urlTemplate\":\"https:\/\/olivera-atelier.com\/rs\/?s={search_term_string}\"},\"query-input\":{\"@type\":\"PropertyValueSpecification\",\"valueRequired\":true,\"valueName\":\"search_term_string\"}}],\"inLanguage\":\"sr-RS\"},{\"@type\":\"Organization\",\"@id\":\"https:\/\/olivera-atelier.com\/rs\/#organization\",\"name\":\"Prodaja haljina\",\"url\":\"https:\/\/olivera-atelier.com\/rs\/\",\"logo\":{\"@type\":\"ImageObject\",\"inLanguage\":\"sr-RS\",\"@id\":\"https:\/\/olivera-atelier.com\/rs\/#\/schema\/logo\/image\/\",\"url\":\"https:\/\/olivera-atelier.com\/wp-content\/uploads\/2022\/04\/Olivera-Logo.png\",\"contentUrl\":\"https:\/\/olivera-atelier.com\/wp-content\/uploads\/2022\/04\/Olivera-Logo.png\",\"width\":278,\"height\":101,\"caption\":\"Prodaja haljina\"},\"image\":{\"@id\":\"https:\/\/olivera-atelier.com\/rs\/#\/schema\/logo\/image\/\"},\"sameAs\":[\"https:\/\/www.facebook.com\/Olivera-Atelier-101270025105870\/\",\"https:\/\/www.instagram.com\/olivera_atelier\/\"]}]}<\/script>\n<!-- \/ Yoast SEO plugin. -->","yoast_head_json":{"title":"Moj nalog || Olivera Atelier - Haljine visoke mode","description":"Moj nalog - Napravite svoj nalog na sajtu Olivera Atelier i budite u toku sa novim de\u0161avanjima, tako\u0111e uvek mo\u017eete da vidite ...","robots":{"index":"index","follow":"follow","max-snippet":"max-snippet:-1","max-image-preview":"max-image-preview:large","max-video-preview":"max-video-preview:-1"},"canonical":"https:\/\/olivera-atelier.com\/rs\/moj-nalog\/","og_locale":"sr_RS","og_type":"article","og_title":"Moj nalog || Olivera Atelier - Haljine visoke mode","og_description":"Moj nalog - Napravite svoj nalog na sajtu Olivera Atelier i budite u toku sa novim de\u0161avanjima, tako\u0111e uvek mo\u017eete da vidite ...","og_url":"https:\/\/olivera-atelier.com\/rs\/moj-nalog\/","og_site_name":"Prodaja haljina","article_publisher":"https:\/\/www.facebook.com\/Olivera-Atelier-101270025105870\/","article_modified_time":"2022-05-02T13:22:22+00:00","twitter_card":"summary_large_image","schema":{"@context":"https:\/\/schema.org","@graph":[{"@type":"WebPage","@id":"https:\/\/olivera-atelier.com\/rs\/moj-nalog\/","url":"https:\/\/olivera-atelier.com\/rs\/moj-nalog\/","name":"Moj nalog || Olivera Atelier - Haljine visoke mode","isPartOf":{"@id":"https:\/\/olivera-atelier.com\/rs\/#website"},"datePublished":"2021-03-08T16:20:58+00:00","dateModified":"2022-05-02T13:22:22+00:00","description":"Moj nalog - Napravite svoj nalog na sajtu Olivera Atelier i budite u toku sa novim de\u0161avanjima, tako\u0111e uvek mo\u017eete da vidite ...","breadcrumb":{"@id":"https:\/\/olivera-atelier.com\/rs\/moj-nalog\/#breadcrumb"},"inLanguage":"sr-RS","potentialAction":[{"@type":"ReadAction","target":["https:\/\/olivera-atelier.com\/rs\/moj-nalog\/"]}]},{"@type":"BreadcrumbList","@id":"https:\/\/olivera-atelier.com\/rs\/moj-nalog\/#breadcrumb","itemListElement":[{"@type":"ListItem","position":1,"name":"Po\u010detna","item":"https:\/\/olivera-atelier.com\/rs\/"},{"@type":"ListItem","position":2,"name":"Moj nalog"}]},{"@type":"WebSite","@id":"https:\/\/olivera-atelier.com\/rs\/#website","url":"https:\/\/olivera-atelier.com\/rs\/","name":"Prodaja haljina","description":"Haljine visoke mode","publisher":{"@id":"https:\/\/olivera-atelier.com\/rs\/#organization"},"potentialAction":[{"@type":"SearchAction","target":{"@type":"EntryPoint","urlTemplate":"https:\/\/olivera-atelier.com\/rs\/?s={search_term_string}"},"query-input":{"@type":"PropertyValueSpecification","valueRequired":true,"valueName":"search_term_string"}}],"inLanguage":"sr-RS"},{"@type":"Organization","@id":"https:\/\/olivera-atelier.com\/rs\/#organization","name":"Prodaja haljina","url":"https:\/\/olivera-atelier.com\/rs\/","logo":{"@type":"ImageObject","inLanguage":"sr-RS","@id":"https:\/\/olivera-atelier.com\/rs\/#\/schema\/logo\/image\/","url":"https:\/\/olivera-atelier.com\/wp-content\/uploads\/2022\/04\/Olivera-Logo.png","contentUrl":"https:\/\/olivera-atelier.com\/wp-content\/uploads\/2022\/04\/Olivera-Logo.png","width":278,"height":101,"caption":"Prodaja haljina"},"image":{"@id":"https:\/\/olivera-atelier.com\/rs\/#\/schema\/logo\/image\/"},"sameAs":["https:\/\/www.facebook.com\/Olivera-Atelier-101270025105870\/","https:\/\/www.instagram.com\/olivera_atelier\/"]}]}},"_links":{"self":[{"href":"https:\/\/olivera-atelier.com\/rs\/wp-json\/wp\/v2\/pages\/16","targetHints":{"allow":["GET"]}}],"collection":[{"href":"https:\/\/olivera-atelier.com\/rs\/wp-json\/wp\/v2\/pages"}],"about":[{"href":"https:\/\/olivera-atelier.com\/rs\/wp-json\/wp\/v2\/types\/page"}],"author":[{"embeddable":true,"href":"https:\/\/olivera-atelier.com\/rs\/wp-json\/wp\/v2\/users\/1"}],"replies":[{"embeddable":true,"href":"https:\/\/olivera-atelier.com\/rs\/wp-json\/wp\/v2\/comments?post=16"}],"version-history":[{"count":2,"href":"https:\/\/olivera-atelier.com\/rs\/wp-json\/wp\/v2\/pages\/16\/revisions"}],"predecessor-version":[{"id":8757,"href":"https:\/\/olivera-atelier.com\/rs\/wp-json\/wp\/v2\/pages\/16\/revisions\/8757"}],"wp:attachment":[{"href":"https:\/\/olivera-atelier.com\/rs\/wp-json\/wp\/v2\/media?parent=16"}],"curies":[{"name":"wp","href":"https:\/\/api.w.org\/{rel}","templated":true}]}}