{"id":3471,"date":"2021-04-12T08:17:48","date_gmt":"2021-04-12T08:17:48","guid":{"rendered":"https:\/\/giada.qodeinteractive.com\/?page_id=3471"},"modified":"2022-05-02T15:17:45","modified_gmt":"2022-05-02T13:17:45","slug":"o-nama","status":"publish","type":"page","link":"https:\/\/olivera-atelier.com\/rs\/o-nama\/","title":{"rendered":"O nama"},"content":{"rendered":"\t\t<div data-elementor-type=\"wp-page\" data-elementor-id=\"3471\" class=\"elementor elementor-3471\">\n\t\t\t\t\t\t<section class=\"elementor-section elementor-top-section elementor-element elementor-element-dba6df6 elementor-section-full_width elementor-section-height-default elementor-section-height-default qodef-elementor-content-no\" data-id=\"dba6df6\" data-element_type=\"section\">\n\t\t\t\t\t\t<div class=\"elementor-container elementor-column-gap-default\">\n\t\t\t\t\t<div class=\"elementor-column elementor-col-50 elementor-top-column elementor-element elementor-element-0ad330f\" data-id=\"0ad330f\" data-element_type=\"column\" data-settings=\"{&quot;background_background&quot;:&quot;classic&quot;}\">\n\t\t\t<div class=\"elementor-widget-wrap elementor-element-populated\">\n\t\t\t\t\t\t<div class=\"elementor-element elementor-element-62a8dd6 elementor-widget elementor-widget-spacer\" data-id=\"62a8dd6\" data-element_type=\"widget\" data-widget_type=\"spacer.default\">\n\t\t\t\t<div class=\"elementor-widget-container\">\n\t\t\t\t\t\t\t<div class=\"elementor-spacer\">\n\t\t\t<div class=\"elementor-spacer-inner\"><\/div>\n\t\t<\/div>\n\t\t\t\t\t\t<\/div>\n\t\t\t\t<\/div>\n\t\t\t\t\t<\/div>\n\t\t<\/div>\n\t\t\t\t<div class=\"elementor-column elementor-col-50 elementor-top-column elementor-element elementor-element-37def6b\" data-id=\"37def6b\" data-element_type=\"column\" data-settings=\"{&quot;background_background&quot;:&quot;classic&quot;}\">\n\t\t\t<div class=\"elementor-widget-wrap elementor-element-populated\">\n\t\t\t\t\t\t<div class=\"elementor-element elementor-element-eca1717 elementor-widget elementor-widget-giada_core_section_title\" data-id=\"eca1717\" data-element_type=\"widget\" data-widget_type=\"giada_core_section_title.default\">\n\t\t\t\t<div class=\"elementor-widget-container\">\n\t\t\t\t\t<div class=\"qodef-shortcode qodef-m  qodef-section-title qodef-alignment--left \">\n\t\t\t<h3 class=\"qodef-m-title\" >\n\t\t\t\t\tOlivera Atelier\t\t\t<\/h3>\n\t\t<span class=\"qodef-m-separator\" style=\"width: 100px\"><\/span>\n\t\t<p class=\"qodef-m-text\" style=\"margin-top: 20px;color: #333333\">Brend Olivera Atelier je osnovala Olivera \u0160iljegovic\u0301 2020. godine u Beogradu.<\/p>\n<\/div>\n\t\t\t\t<\/div>\n\t\t\t\t<\/div>\n\t\t\t\t<div class=\"elementor-element elementor-element-65f3897 elementor-widget elementor-widget-wp-widget-text\" data-id=\"65f3897\" data-element_type=\"widget\" data-widget_type=\"wp-widget-text.default\">\n\t\t\t\t<div class=\"elementor-widget-container\">\n\t\t\t\t\t\t\t\t<div class=\"textwidget\"><p style=\"text-align: justify\">Olivera \u0160iljegovi\u0107 je osniva\u010d, kreativni direktor i modni dizajner brenda Olivera Atelier, kao i biv\u0161a manekenka visoke mode.<\/p>\n<p style=\"text-align: justify\">Oliverina karijera modela trajala je deceniju u kojoj je obi\u0161la sve krajeve modnog sveta. Najdu\u017ee je gradila karijeru modela u Milanu, gde se, kako ka\u017ee, osec\u0301a kao kod kuc\u0301e. Njeno vreme u Italiji ostavilo je trajan utisak, \u0161to je jedna od najvec\u0301ih inspiracija za Olivera Atelier.<\/p>\n<p style=\"text-align: justify\">Olivera Atelier te\u017ei da kreira moderne komade za sve\u010dane prilike, sa ciljem da pove\u017ee modernu modu sa bezvremenskom elegancijom. Oliverine haljine su inspirisane \u017eenstveno\u0161c\u0301u i njena misija je da je vrati u modu.<\/p>\n<p>Na\u0161a proizvodnja:<\/p>\n<p style=\"text-align: justify\">Na\u0161i ru\u010dno odabrani materijali, koji su uglavnom iz Italije, su me\u0161avina najkvalitetnijih prirodnih i sinteti\u010dkih materijala dostupnih na tr\u017ei\u0161tu danas.<\/p>\n<p style=\"text-align: justify\">Sve selekcije prolaze kroz rigorozni proces testiranja, uklju\u010dujuc\u0301i reakcije na vodu i hemijsko \u010di\u0161c\u0301enje, kako bi se osiguralo da c\u0301e njihov sastav izdr\u017eati test vremena pre nego \u0161to zaslu\u017ee etiketu Olivera Atelier.<\/p>\n<p style=\"text-align: justify\">Na\u0161 tim kvalifikovanih kroja\u010dica \u010dine \u017eene sa velikim iskustvom koje rade vi\u0161e od 20 godina u nekim od najpresti\u017enijih i najzahtevnijih objekata u na\u0161oj zemlji.<\/p>\n<\/div>\n\t\t\t\t\t\t<\/div>\n\t\t\t\t<\/div>\n\t\t\t\t\t<\/div>\n\t\t<\/div>\n\t\t\t\t\t<\/div>\n\t\t<\/section>\n\t\t\t\t<section class=\"elementor-section elementor-top-section elementor-element elementor-element-6817dc1 elementor-section-full_width elementor-reverse-tablet elementor-reverse-mobile elementor-section-height-default elementor-section-height-default qodef-elementor-content-no\" data-id=\"6817dc1\" data-element_type=\"section\">\n\t\t\t\t\t\t<div class=\"elementor-container elementor-column-gap-default\">\n\t\t\t\t\t<div class=\"elementor-column elementor-col-50 elementor-top-column elementor-element elementor-element-cf14678\" data-id=\"cf14678\" data-element_type=\"column\" data-settings=\"{&quot;background_background&quot;:&quot;classic&quot;}\">\n\t\t\t<div class=\"elementor-widget-wrap elementor-element-populated\">\n\t\t\t\t\t\t<div class=\"elementor-element elementor-element-03db0d4 elementor-widget elementor-widget-giada_core_section_title\" data-id=\"03db0d4\" data-element_type=\"widget\" data-widget_type=\"giada_core_section_title.default\">\n\t\t\t\t<div class=\"elementor-widget-container\">\n\t\t\t\t\t<div class=\"qodef-shortcode qodef-m  qodef-section-title qodef-alignment--left \">\n\t\t\t<h3 class=\"qodef-m-title\" >\n\t\t\t\t\tKontaktirajte nas\t\t\t<\/h3>\n\t\t<span class=\"qodef-m-separator\" style=\"width: 100px\"><\/span>\n\t\t<p class=\"qodef-m-text\" style=\"margin-top: 20px;color: #333333\">Imate pitanje? Budite slobodni da nas kontaktirate. Odgovoric\u0301emo vam u najkra\u0107em roku.\n\n<\/p>\n<\/div>\n\t\t\t\t<\/div>\n\t\t\t\t<\/div>\n\t\t\t\t<div class=\"elementor-element elementor-element-272abbd elementor-widget elementor-widget-wp-widget-giada_core_contact_form_7\" data-id=\"272abbd\" data-element_type=\"widget\" data-widget_type=\"wp-widget-giada_core_contact_form_7.default\">\n\t\t\t\t<div class=\"elementor-widget-container\">\n\t\t\t\t\t\t\t\t<div class=\"qodef-contact-form-7\">\n\t\t\t\t\n<div class=\"wpcf7 no-js\" id=\"wpcf7-f4484-o1\" lang=\"en-US\" dir=\"ltr\" data-wpcf7-id=\"4484\">\n<div class=\"screen-reader-response\"><p role=\"status\" aria-live=\"polite\" aria-atomic=\"true\"><\/p> <ul><\/ul><\/div>\n<form action=\"\/rs\/wp-json\/wp\/v2\/pages\/3471#wpcf7-f4484-o1\" method=\"post\" class=\"wpcf7-form init\" aria-label=\"Contact form\" novalidate=\"novalidate\" data-status=\"init\">\n<div style=\"display: none;\">\n<input type=\"hidden\" name=\"_wpcf7\" value=\"4484\" \/>\n<input type=\"hidden\" name=\"_wpcf7_version\" value=\"6.0.6\" \/>\n<input type=\"hidden\" name=\"_wpcf7_locale\" value=\"en_US\" \/>\n<input type=\"hidden\" name=\"_wpcf7_unit_tag\" value=\"wpcf7-f4484-o1\" \/>\n<input type=\"hidden\" name=\"_wpcf7_container_post\" value=\"0\" \/>\n<input type=\"hidden\" name=\"_wpcf7_posted_data_hash\" value=\"\" \/>\n<\/div>\n<div class=\"qodef-cf7-grid-form\">\n\t<div class=\"qodef-grid qodef-layout--columns qodef-responsive--predefined qodef-gutter--normal qodef-col-num--2\">\n\t\t<div class=\"qodef-grid-inner\">\n\t\t\t<div class=\"qodef-grid-item\" style=\"padding-bottom: 18px;\">\n\t\t\t\t<p><span class=\"wpcf7-form-control-wrap\" data-name=\"your-name\"><input size=\"40\" maxlength=\"400\" class=\"wpcf7-form-control wpcf7-text wpcf7-validates-as-required\" aria-required=\"true\" aria-invalid=\"false\" placeholder=\"Ime*\" value=\"\" type=\"text\" name=\"your-name\" \/><\/span>\n\t\t\t\t<\/p>\n\t\t\t<\/div>\n\t\t\t<div class=\"qodef-grid-item\" style=\"padding-bottom: 18px;\">\n\t\t\t\t<p><span class=\"wpcf7-form-control-wrap\" data-name=\"text\"><input size=\"40\" maxlength=\"400\" class=\"wpcf7-form-control wpcf7-text wpcf7-validates-as-required\" aria-required=\"true\" aria-invalid=\"false\" placeholder=\"Prezime*\" value=\"\" type=\"text\" name=\"text\" \/><\/span>\n\t\t\t\t<\/p>\n\t\t\t<\/div>\n\t\t\t<div class=\"qodef-grid-item\" style=\"padding-bottom: 18px;\">\n\t\t\t\t<p><span class=\"wpcf7-form-control-wrap\" data-name=\"your-email\"><input size=\"40\" maxlength=\"400\" class=\"wpcf7-form-control wpcf7-email wpcf7-validates-as-required wpcf7-text wpcf7-validates-as-email\" aria-required=\"true\" aria-invalid=\"false\" placeholder=\"Email*\" value=\"\" type=\"email\" name=\"your-email\" \/><\/span>\n\t\t\t\t<\/p>\n\t\t\t<\/div>\n\t\t\t<div class=\"qodef-grid-item\" style=\"padding-bottom: 18px;\">\n\t\t\t\t<p><span class=\"wpcf7-form-control-wrap\" data-name=\"your-topic\"><input size=\"40\" maxlength=\"400\" class=\"wpcf7-form-control wpcf7-text wpcf7-validates-as-required\" aria-required=\"true\" aria-invalid=\"false\" placeholder=\"Poruka*\" value=\"\" type=\"text\" name=\"your-topic\" \/><\/span>\n\t\t\t\t<\/p>\n\t\t\t<\/div>\n\t\t<\/div>\n\t<\/div>\n\t<div>\n\t\t<p><button class=\"wpcf7-form-control wpcf7-submit qodef-button qodef-size--normal qodef-type--filled qodef-m\" type=\"submit\"><span class=\"qodef-m-text\">Po\u0161alji<\/span><\/button>\n\t\t<\/p>\n\t<\/div>\n<\/div><div class=\"wpcf7-response-output\" aria-hidden=\"true\"><\/div>\n<\/form>\n<\/div>\n\t\t\t<\/div>\n\t\t\t\t\t\t\t<\/div>\n\t\t\t\t<\/div>\n\t\t\t\t\t<\/div>\n\t\t<\/div>\n\t\t\t\t<div class=\"elementor-column elementor-col-50 elementor-top-column elementor-element elementor-element-0f975a5\" data-id=\"0f975a5\" data-element_type=\"column\" data-settings=\"{&quot;background_background&quot;:&quot;classic&quot;}\">\n\t\t\t<div class=\"elementor-widget-wrap elementor-element-populated\">\n\t\t\t\t\t\t<div class=\"elementor-element elementor-element-0411a05 elementor-widget elementor-widget-spacer\" data-id=\"0411a05\" data-element_type=\"widget\" data-widget_type=\"spacer.default\">\n\t\t\t\t<div class=\"elementor-widget-container\">\n\t\t\t\t\t\t\t<div class=\"elementor-spacer\">\n\t\t\t<div class=\"elementor-spacer-inner\"><\/div>\n\t\t<\/div>\n\t\t\t\t\t\t<\/div>\n\t\t\t\t<\/div>\n\t\t\t\t\t<\/div>\n\t\t<\/div>\n\t\t\t\t\t<\/div>\n\t\t<\/section>\n\t\t\t\t<\/div>\n\t\t","protected":false},"excerpt":{"rendered":"<p>Olivera Atelier Brend Olivera Atelier je osnovala Olivera \u0160iljegovic\u0301 2020. godine u Beogradu. Kontaktirajte nas Imate pitanje? Budite slobodni da nas kontaktirate. Odgovoric\u0301emo vam u najkra\u0107em roku.<\/p>\n","protected":false},"author":1,"featured_media":0,"parent":0,"menu_order":0,"comment_status":"closed","ping_status":"closed","template":"page-full-width.php","meta":{"footnotes":""},"class_list":["post-3471","page","type-page","status-publish","hentry"],"yoast_head":"<!-- This site is optimized with the Yoast SEO plugin v26.9 - https:\/\/yoast.com\/product\/yoast-seo-wordpress\/ -->\n<title>Olivera Atelier - O nama || Haljine visoke mode<\/title>\n<meta name=\"description\" content=\"Brend Olivera Atelier je osnovala Olivera \u0160iljegovic\u0301 2020. godine u Beogradu. Olivera \u0160iljegovi\u0107 je osniva\u010d, kreativni direktor i ...\" \/>\n<meta name=\"robots\" content=\"index, follow, max-snippet:-1, max-image-preview:large, max-video-preview:-1\" \/>\n<link rel=\"canonical\" href=\"https:\/\/olivera-atelier.com\/rs\/o-nama\/\" \/>\n<meta property=\"og:locale\" content=\"sr_RS\" \/>\n<meta property=\"og:type\" content=\"article\" \/>\n<meta property=\"og:title\" content=\"Olivera Atelier - O nama || Haljine visoke mode\" \/>\n<meta property=\"og:description\" content=\"Brend Olivera Atelier je osnovala Olivera \u0160iljegovic\u0301 2020. godine u Beogradu. Olivera \u0160iljegovi\u0107 je osniva\u010d, kreativni direktor i ...\" \/>\n<meta property=\"og:url\" content=\"https:\/\/olivera-atelier.com\/rs\/o-nama\/\" \/>\n<meta property=\"og:site_name\" content=\"Prodaja haljina\" \/>\n<meta property=\"article:publisher\" content=\"https:\/\/www.facebook.com\/Olivera-Atelier-101270025105870\/\" \/>\n<meta property=\"article:modified_time\" content=\"2022-05-02T13:17:45+00:00\" \/>\n<meta name=\"twitter:card\" content=\"summary_large_image\" \/>\n<script type=\"application\/ld+json\" class=\"yoast-schema-graph\">{\"@context\":\"https:\/\/schema.org\",\"@graph\":[{\"@type\":\"WebPage\",\"@id\":\"https:\/\/olivera-atelier.com\/rs\/o-nama\/\",\"url\":\"https:\/\/olivera-atelier.com\/rs\/o-nama\/\",\"name\":\"Olivera Atelier - O nama || Haljine visoke mode\",\"isPartOf\":{\"@id\":\"https:\/\/olivera-atelier.com\/rs\/#website\"},\"datePublished\":\"2021-04-12T08:17:48+00:00\",\"dateModified\":\"2022-05-02T13:17:45+00:00\",\"description\":\"Brend Olivera Atelier je osnovala Olivera \u0160iljegovic\u0301 2020. godine u Beogradu. Olivera \u0160iljegovi\u0107 je osniva\u010d, kreativni direktor i ...\",\"breadcrumb\":{\"@id\":\"https:\/\/olivera-atelier.com\/rs\/o-nama\/#breadcrumb\"},\"inLanguage\":\"sr-RS\",\"potentialAction\":[{\"@type\":\"ReadAction\",\"target\":[\"https:\/\/olivera-atelier.com\/rs\/o-nama\/\"]}]},{\"@type\":\"BreadcrumbList\",\"@id\":\"https:\/\/olivera-atelier.com\/rs\/o-nama\/#breadcrumb\",\"itemListElement\":[{\"@type\":\"ListItem\",\"position\":1,\"name\":\"Po\u010detna\",\"item\":\"https:\/\/olivera-atelier.com\/rs\/\"},{\"@type\":\"ListItem\",\"position\":2,\"name\":\"O nama\"}]},{\"@type\":\"WebSite\",\"@id\":\"https:\/\/olivera-atelier.com\/rs\/#website\",\"url\":\"https:\/\/olivera-atelier.com\/rs\/\",\"name\":\"Prodaja haljina\",\"description\":\"Haljine visoke mode\",\"publisher\":{\"@id\":\"https:\/\/olivera-atelier.com\/rs\/#organization\"},\"potentialAction\":[{\"@type\":\"SearchAction\",\"target\":{\"@type\":\"EntryPoint\",\"urlTemplate\":\"https:\/\/olivera-atelier.com\/rs\/?s={search_term_string}\"},\"query-input\":{\"@type\":\"PropertyValueSpecification\",\"valueRequired\":true,\"valueName\":\"search_term_string\"}}],\"inLanguage\":\"sr-RS\"},{\"@type\":\"Organization\",\"@id\":\"https:\/\/olivera-atelier.com\/rs\/#organization\",\"name\":\"Prodaja haljina\",\"url\":\"https:\/\/olivera-atelier.com\/rs\/\",\"logo\":{\"@type\":\"ImageObject\",\"inLanguage\":\"sr-RS\",\"@id\":\"https:\/\/olivera-atelier.com\/rs\/#\/schema\/logo\/image\/\",\"url\":\"https:\/\/olivera-atelier.com\/wp-content\/uploads\/2022\/04\/Olivera-Logo.png\",\"contentUrl\":\"https:\/\/olivera-atelier.com\/wp-content\/uploads\/2022\/04\/Olivera-Logo.png\",\"width\":278,\"height\":101,\"caption\":\"Prodaja haljina\"},\"image\":{\"@id\":\"https:\/\/olivera-atelier.com\/rs\/#\/schema\/logo\/image\/\"},\"sameAs\":[\"https:\/\/www.facebook.com\/Olivera-Atelier-101270025105870\/\",\"https:\/\/www.instagram.com\/olivera_atelier\/\"]}]}<\/script>\n<!-- \/ Yoast SEO plugin. -->","yoast_head_json":{"title":"Olivera Atelier - O nama || Haljine visoke mode","description":"Brend Olivera Atelier je osnovala Olivera \u0160iljegovic\u0301 2020. godine u Beogradu. Olivera \u0160iljegovi\u0107 je osniva\u010d, kreativni direktor i ...","robots":{"index":"index","follow":"follow","max-snippet":"max-snippet:-1","max-image-preview":"max-image-preview:large","max-video-preview":"max-video-preview:-1"},"canonical":"https:\/\/olivera-atelier.com\/rs\/o-nama\/","og_locale":"sr_RS","og_type":"article","og_title":"Olivera Atelier - O nama || Haljine visoke mode","og_description":"Brend Olivera Atelier je osnovala Olivera \u0160iljegovic\u0301 2020. godine u Beogradu. Olivera \u0160iljegovi\u0107 je osniva\u010d, kreativni direktor i ...","og_url":"https:\/\/olivera-atelier.com\/rs\/o-nama\/","og_site_name":"Prodaja haljina","article_publisher":"https:\/\/www.facebook.com\/Olivera-Atelier-101270025105870\/","article_modified_time":"2022-05-02T13:17:45+00:00","twitter_card":"summary_large_image","schema":{"@context":"https:\/\/schema.org","@graph":[{"@type":"WebPage","@id":"https:\/\/olivera-atelier.com\/rs\/o-nama\/","url":"https:\/\/olivera-atelier.com\/rs\/o-nama\/","name":"Olivera Atelier - O nama || Haljine visoke mode","isPartOf":{"@id":"https:\/\/olivera-atelier.com\/rs\/#website"},"datePublished":"2021-04-12T08:17:48+00:00","dateModified":"2022-05-02T13:17:45+00:00","description":"Brend Olivera Atelier je osnovala Olivera \u0160iljegovic\u0301 2020. godine u Beogradu. Olivera \u0160iljegovi\u0107 je osniva\u010d, kreativni direktor i ...","breadcrumb":{"@id":"https:\/\/olivera-atelier.com\/rs\/o-nama\/#breadcrumb"},"inLanguage":"sr-RS","potentialAction":[{"@type":"ReadAction","target":["https:\/\/olivera-atelier.com\/rs\/o-nama\/"]}]},{"@type":"BreadcrumbList","@id":"https:\/\/olivera-atelier.com\/rs\/o-nama\/#breadcrumb","itemListElement":[{"@type":"ListItem","position":1,"name":"Po\u010detna","item":"https:\/\/olivera-atelier.com\/rs\/"},{"@type":"ListItem","position":2,"name":"O nama"}]},{"@type":"WebSite","@id":"https:\/\/olivera-atelier.com\/rs\/#website","url":"https:\/\/olivera-atelier.com\/rs\/","name":"Prodaja haljina","description":"Haljine visoke mode","publisher":{"@id":"https:\/\/olivera-atelier.com\/rs\/#organization"},"potentialAction":[{"@type":"SearchAction","target":{"@type":"EntryPoint","urlTemplate":"https:\/\/olivera-atelier.com\/rs\/?s={search_term_string}"},"query-input":{"@type":"PropertyValueSpecification","valueRequired":true,"valueName":"search_term_string"}}],"inLanguage":"sr-RS"},{"@type":"Organization","@id":"https:\/\/olivera-atelier.com\/rs\/#organization","name":"Prodaja haljina","url":"https:\/\/olivera-atelier.com\/rs\/","logo":{"@type":"ImageObject","inLanguage":"sr-RS","@id":"https:\/\/olivera-atelier.com\/rs\/#\/schema\/logo\/image\/","url":"https:\/\/olivera-atelier.com\/wp-content\/uploads\/2022\/04\/Olivera-Logo.png","contentUrl":"https:\/\/olivera-atelier.com\/wp-content\/uploads\/2022\/04\/Olivera-Logo.png","width":278,"height":101,"caption":"Prodaja haljina"},"image":{"@id":"https:\/\/olivera-atelier.com\/rs\/#\/schema\/logo\/image\/"},"sameAs":["https:\/\/www.facebook.com\/Olivera-Atelier-101270025105870\/","https:\/\/www.instagram.com\/olivera_atelier\/"]}]}},"_links":{"self":[{"href":"https:\/\/olivera-atelier.com\/rs\/wp-json\/wp\/v2\/pages\/3471","targetHints":{"allow":["GET"]}}],"collection":[{"href":"https:\/\/olivera-atelier.com\/rs\/wp-json\/wp\/v2\/pages"}],"about":[{"href":"https:\/\/olivera-atelier.com\/rs\/wp-json\/wp\/v2\/types\/page"}],"author":[{"embeddable":true,"href":"https:\/\/olivera-atelier.com\/rs\/wp-json\/wp\/v2\/users\/1"}],"replies":[{"embeddable":true,"href":"https:\/\/olivera-atelier.com\/rs\/wp-json\/wp\/v2\/comments?post=3471"}],"version-history":[{"count":44,"href":"https:\/\/olivera-atelier.com\/rs\/wp-json\/wp\/v2\/pages\/3471\/revisions"}],"predecessor-version":[{"id":9179,"href":"https:\/\/olivera-atelier.com\/rs\/wp-json\/wp\/v2\/pages\/3471\/revisions\/9179"}],"wp:attachment":[{"href":"https:\/\/olivera-atelier.com\/rs\/wp-json\/wp\/v2\/media?parent=3471"}],"curies":[{"name":"wp","href":"https:\/\/api.w.org\/{rel}","templated":true}]}}