{"id":4183,"date":"2021-04-14T09:28:11","date_gmt":"2021-04-14T09:28:11","guid":{"rendered":"https:\/\/giada.qodeinteractive.com\/?page_id=4183"},"modified":"2024-12-09T22:16:04","modified_gmt":"2024-12-09T20:16:04","slug":"cesta-pitanja","status":"publish","type":"page","link":"https:\/\/olivera-atelier.com\/rs\/cesta-pitanja\/","title":{"rendered":"\u010cesta pitanja"},"content":{"rendered":"\t\t<div data-elementor-type=\"wp-page\" data-elementor-id=\"4183\" class=\"elementor elementor-4183\">\n\t\t\t\t\t\t<section class=\"elementor-section elementor-top-section elementor-element elementor-element-7d97e82 elementor-section-boxed elementor-section-height-default elementor-section-height-default qodef-elementor-content-no\" data-id=\"7d97e82\" data-element_type=\"section\">\n\t\t\t\t\t\t<div class=\"elementor-container elementor-column-gap-default\">\n\t\t\t\t\t<div class=\"elementor-column elementor-col-100 elementor-top-column elementor-element elementor-element-115df1c\" data-id=\"115df1c\" data-element_type=\"column\">\n\t\t\t<div class=\"elementor-widget-wrap elementor-element-populated\">\n\t\t\t\t\t\t<div class=\"elementor-element elementor-element-1315eaf elementor-widget elementor-widget-giada_core_section_title\" data-id=\"1315eaf\" data-element_type=\"widget\" data-widget_type=\"giada_core_section_title.default\">\n\t\t\t\t<div class=\"elementor-widget-container\">\n\t\t\t\t\t<div class=\"qodef-shortcode qodef-m  qodef-section-title qodef-alignment--left \">\n\t\t\t<h4 class=\"qodef-m-title\" >\n\t\t\t\t\t1. Da li modele radite u standardnim veli\u010dinama ili ih \u0161ijete po meri?\t\t\t<\/h4>\n\t\t\t<p class=\"qodef-m-text\" style=\"margin-top: 10px;color: #5C5C5C;font-size: 15px\">Svi modeli u ateljeu su izlo\u017eeni u standardnim veli\u010dinama. Ukoliko Vam ne odgovara standardna veli\u010dina, \u0161ijemo novi model po va\u0161im merama. <\/p>\n<\/div>\n\t\t\t\t<\/div>\n\t\t\t\t<\/div>\n\t\t\t\t\t<\/div>\n\t\t<\/div>\n\t\t\t\t\t<\/div>\n\t\t<\/section>\n\t\t\t\t<section class=\"elementor-section elementor-top-section elementor-element elementor-element-7c92b59 elementor-section-boxed elementor-section-height-default elementor-section-height-default qodef-elementor-content-no\" data-id=\"7c92b59\" data-element_type=\"section\">\n\t\t\t\t\t\t<div class=\"elementor-container elementor-column-gap-default\">\n\t\t\t\t\t<div class=\"elementor-column elementor-col-100 elementor-top-column elementor-element elementor-element-a91a9c9\" data-id=\"a91a9c9\" data-element_type=\"column\">\n\t\t\t<div class=\"elementor-widget-wrap elementor-element-populated\">\n\t\t\t\t\t\t<div class=\"elementor-element elementor-element-0bf33fb elementor-widget elementor-widget-giada_core_section_title\" data-id=\"0bf33fb\" data-element_type=\"widget\" data-widget_type=\"giada_core_section_title.default\">\n\t\t\t\t<div class=\"elementor-widget-container\">\n\t\t\t\t\t<div class=\"qodef-shortcode qodef-m  qodef-section-title qodef-alignment--left \">\n\t\t\t<h4 class=\"qodef-m-title\" >\n\t\t\t\t\t2. Da li radite modele i u drugim bojama ili samo u onim u kojima ste ih izlo\u017eili?\t\t\t<\/h4>\n\t\t\t<p class=\"qodef-m-text\" style=\"margin-top: 10px;color: #5C5C5C;font-size: 15px\">Svaki model je mogu\u0107e poru\u010diti u drugoj boji.<\/p>\n<\/div>\n\t\t\t\t<\/div>\n\t\t\t\t<\/div>\n\t\t\t\t\t<\/div>\n\t\t<\/div>\n\t\t\t\t\t<\/div>\n\t\t<\/section>\n\t\t\t\t<section class=\"elementor-section elementor-top-section elementor-element elementor-element-3dbff49 elementor-section-boxed elementor-section-height-default elementor-section-height-default qodef-elementor-content-no\" data-id=\"3dbff49\" data-element_type=\"section\">\n\t\t\t\t\t\t<div class=\"elementor-container elementor-column-gap-default\">\n\t\t\t\t\t<div class=\"elementor-column elementor-col-100 elementor-top-column elementor-element elementor-element-19d242d\" data-id=\"19d242d\" data-element_type=\"column\">\n\t\t\t<div class=\"elementor-widget-wrap elementor-element-populated\">\n\t\t\t\t\t\t<div class=\"elementor-element elementor-element-29490a1 elementor-widget elementor-widget-giada_core_section_title\" data-id=\"29490a1\" data-element_type=\"widget\" data-widget_type=\"giada_core_section_title.default\">\n\t\t\t\t<div class=\"elementor-widget-container\">\n\t\t\t\t\t<div class=\"qodef-shortcode qodef-m  qodef-section-title qodef-alignment--left \">\n\t\t\t<h4 class=\"qodef-m-title\" >\n\t\t\t\t\t3. Koliko je vremena potrebno za izradu novog modela?\t\t\t<\/h4>\n\t\t\t<p class=\"qodef-m-text\" style=\"margin-top: 10px;color: #5C5C5C;font-size: 15px\">Rok za izradu modela po meri je 30 dana.<\/p>\n<\/div>\n\t\t\t\t<\/div>\n\t\t\t\t<\/div>\n\t\t\t\t\t<\/div>\n\t\t<\/div>\n\t\t\t\t\t<\/div>\n\t\t<\/section>\n\t\t\t\t<section class=\"elementor-section elementor-top-section elementor-element elementor-element-62f9da5 elementor-section-boxed elementor-section-height-default elementor-section-height-default qodef-elementor-content-no\" data-id=\"62f9da5\" data-element_type=\"section\">\n\t\t\t\t\t\t<div class=\"elementor-container elementor-column-gap-default\">\n\t\t\t\t\t<div class=\"elementor-column elementor-col-100 elementor-top-column elementor-element elementor-element-24db0e4\" data-id=\"24db0e4\" data-element_type=\"column\">\n\t\t\t<div class=\"elementor-widget-wrap elementor-element-populated\">\n\t\t\t\t\t\t<div class=\"elementor-element elementor-element-8805779 elementor-widget elementor-widget-giada_core_section_title\" data-id=\"8805779\" data-element_type=\"widget\" data-widget_type=\"giada_core_section_title.default\">\n\t\t\t\t<div class=\"elementor-widget-container\">\n\t\t\t\t\t<div class=\"qodef-shortcode qodef-m  qodef-section-title qodef-alignment--left \">\n\t\t\t<h4 class=\"qodef-m-title\" >\n\t\t\t\t\t4. Da li se pri poru\u010divanju haljine po meri pla\u0107a ceo iznos unapred?\t\t\t<\/h4>\n\t\t\t<p class=\"qodef-m-text\" style=\"margin-top: 10px;color: #5C5C5C;font-size: 15px\">Pri poru\u010divanju haljine po meri pla\u0107a se depozit u iznosu od 50%, ostatak se pla\u0107a prilikom preuzimanja haljine.<\/p>\n<\/div>\n\t\t\t\t<\/div>\n\t\t\t\t<\/div>\n\t\t\t\t\t<\/div>\n\t\t<\/div>\n\t\t\t\t\t<\/div>\n\t\t<\/section>\n\t\t\t\t<section class=\"elementor-section elementor-top-section elementor-element elementor-element-c1125d2 elementor-section-boxed elementor-section-height-default elementor-section-height-default qodef-elementor-content-no\" data-id=\"c1125d2\" data-element_type=\"section\">\n\t\t\t\t\t\t<div class=\"elementor-container elementor-column-gap-default\">\n\t\t\t\t\t<div class=\"elementor-column elementor-col-100 elementor-top-column elementor-element elementor-element-833d9af\" data-id=\"833d9af\" data-element_type=\"column\">\n\t\t\t<div class=\"elementor-widget-wrap elementor-element-populated\">\n\t\t\t\t\t\t<div class=\"elementor-element elementor-element-e2d8b74 elementor-widget elementor-widget-giada_core_section_title\" data-id=\"e2d8b74\" data-element_type=\"widget\" data-widget_type=\"giada_core_section_title.default\">\n\t\t\t\t<div class=\"elementor-widget-container\">\n\t\t\t\t\t<div class=\"qodef-shortcode qodef-m  qodef-section-title qodef-alignment--left \">\n\t\t\t<h4 class=\"qodef-m-title\" >\n\t\t\t\t\t5. Koja je cena za modele po meri?\t\t\t<\/h4>\n\t\t\t<p class=\"qodef-m-text\" style=\"margin-top: 10px;color: #5C5C5C;font-size: 15px\">Cena za modele po meri je 40% vi\u0161a od originalne cene.<\/p>\n<\/div>\n\t\t\t\t<\/div>\n\t\t\t\t<\/div>\n\t\t\t\t\t<\/div>\n\t\t<\/div>\n\t\t\t\t\t<\/div>\n\t\t<\/section>\n\t\t\t\t<\/div>\n\t\t","protected":false},"excerpt":{"rendered":"<p>1. Da li modele radite u standardnim veli\u010dinama ili ih \u0161ijete po meri? Svi modeli u ateljeu su izlo\u017eeni u standardnim veli\u010dinama. Ukoliko Vam ne odgovara standardna veli\u010dina, \u0161ijemo novi model po va\u0161im merama. 2. Da li radite modele i u drugim bojama ili samo u onim u kojima ste ih izlo\u017eili? Svaki model je [&hellip;]<\/p>\n","protected":false},"author":1,"featured_media":0,"parent":0,"menu_order":0,"comment_status":"closed","ping_status":"closed","template":"","meta":{"footnotes":""},"class_list":["post-4183","page","type-page","status-publish","hentry"],"yoast_head":"<!-- This site is optimized with the Yoast SEO plugin v26.9 - https:\/\/yoast.com\/product\/yoast-seo-wordpress\/ -->\n<title>\u010cesta pitanja || Olivera Atelier<\/title>\n<meta name=\"description\" content=\"\u010cesta pitanja - Pogledajte naj\u010de\u0161\u0107e postavljena pitanja od na\u0161ih kupaca, ako nema pitanja koje vas interesuje slobodno nas kontaktirajte.\" \/>\n<meta name=\"robots\" content=\"index, follow, max-snippet:-1, max-image-preview:large, max-video-preview:-1\" \/>\n<link rel=\"canonical\" href=\"https:\/\/olivera-atelier.com\/rs\/cesta-pitanja\/\" \/>\n<meta property=\"og:locale\" content=\"sr_RS\" \/>\n<meta property=\"og:type\" content=\"article\" \/>\n<meta property=\"og:title\" content=\"\u010cesta pitanja || Olivera Atelier\" \/>\n<meta property=\"og:description\" content=\"\u010cesta pitanja - Pogledajte naj\u010de\u0161\u0107e postavljena pitanja od na\u0161ih kupaca, ako nema pitanja koje vas interesuje slobodno nas kontaktirajte.\" \/>\n<meta property=\"og:url\" content=\"https:\/\/olivera-atelier.com\/rs\/cesta-pitanja\/\" \/>\n<meta property=\"og:site_name\" content=\"Prodaja haljina\" \/>\n<meta property=\"article:publisher\" content=\"https:\/\/www.facebook.com\/Olivera-Atelier-101270025105870\/\" \/>\n<meta property=\"article:modified_time\" content=\"2024-12-09T20:16:04+00:00\" \/>\n<meta name=\"twitter:card\" content=\"summary_large_image\" \/>\n<meta name=\"twitter:label1\" content=\"Procenjeno vreme \u010ditanja\" \/>\n\t<meta name=\"twitter:data1\" content=\"1 minut\" \/>\n<script type=\"application\/ld+json\" class=\"yoast-schema-graph\">{\"@context\":\"https:\/\/schema.org\",\"@graph\":[{\"@type\":\"WebPage\",\"@id\":\"https:\/\/olivera-atelier.com\/rs\/cesta-pitanja\/\",\"url\":\"https:\/\/olivera-atelier.com\/rs\/cesta-pitanja\/\",\"name\":\"\u010cesta pitanja || Olivera Atelier\",\"isPartOf\":{\"@id\":\"https:\/\/olivera-atelier.com\/rs\/#website\"},\"datePublished\":\"2021-04-14T09:28:11+00:00\",\"dateModified\":\"2024-12-09T20:16:04+00:00\",\"description\":\"\u010cesta pitanja - Pogledajte naj\u010de\u0161\u0107e postavljena pitanja od na\u0161ih kupaca, ako nema pitanja koje vas interesuje slobodno nas kontaktirajte.\",\"breadcrumb\":{\"@id\":\"https:\/\/olivera-atelier.com\/rs\/cesta-pitanja\/#breadcrumb\"},\"inLanguage\":\"sr-RS\",\"potentialAction\":[{\"@type\":\"ReadAction\",\"target\":[\"https:\/\/olivera-atelier.com\/rs\/cesta-pitanja\/\"]}]},{\"@type\":\"BreadcrumbList\",\"@id\":\"https:\/\/olivera-atelier.com\/rs\/cesta-pitanja\/#breadcrumb\",\"itemListElement\":[{\"@type\":\"ListItem\",\"position\":1,\"name\":\"Po\u010detna\",\"item\":\"https:\/\/olivera-atelier.com\/rs\/\"},{\"@type\":\"ListItem\",\"position\":2,\"name\":\"\u010cesta pitanja\"}]},{\"@type\":\"WebSite\",\"@id\":\"https:\/\/olivera-atelier.com\/rs\/#website\",\"url\":\"https:\/\/olivera-atelier.com\/rs\/\",\"name\":\"Prodaja haljina\",\"description\":\"Haljine visoke mode\",\"publisher\":{\"@id\":\"https:\/\/olivera-atelier.com\/rs\/#organization\"},\"potentialAction\":[{\"@type\":\"SearchAction\",\"target\":{\"@type\":\"EntryPoint\",\"urlTemplate\":\"https:\/\/olivera-atelier.com\/rs\/?s={search_term_string}\"},\"query-input\":{\"@type\":\"PropertyValueSpecification\",\"valueRequired\":true,\"valueName\":\"search_term_string\"}}],\"inLanguage\":\"sr-RS\"},{\"@type\":\"Organization\",\"@id\":\"https:\/\/olivera-atelier.com\/rs\/#organization\",\"name\":\"Prodaja haljina\",\"url\":\"https:\/\/olivera-atelier.com\/rs\/\",\"logo\":{\"@type\":\"ImageObject\",\"inLanguage\":\"sr-RS\",\"@id\":\"https:\/\/olivera-atelier.com\/rs\/#\/schema\/logo\/image\/\",\"url\":\"https:\/\/olivera-atelier.com\/wp-content\/uploads\/2022\/04\/Olivera-Logo.png\",\"contentUrl\":\"https:\/\/olivera-atelier.com\/wp-content\/uploads\/2022\/04\/Olivera-Logo.png\",\"width\":278,\"height\":101,\"caption\":\"Prodaja haljina\"},\"image\":{\"@id\":\"https:\/\/olivera-atelier.com\/rs\/#\/schema\/logo\/image\/\"},\"sameAs\":[\"https:\/\/www.facebook.com\/Olivera-Atelier-101270025105870\/\",\"https:\/\/www.instagram.com\/olivera_atelier\/\"]}]}<\/script>\n<!-- \/ Yoast SEO plugin. -->","yoast_head_json":{"title":"\u010cesta pitanja || Olivera Atelier","description":"\u010cesta pitanja - Pogledajte naj\u010de\u0161\u0107e postavljena pitanja od na\u0161ih kupaca, ako nema pitanja koje vas interesuje slobodno nas kontaktirajte.","robots":{"index":"index","follow":"follow","max-snippet":"max-snippet:-1","max-image-preview":"max-image-preview:large","max-video-preview":"max-video-preview:-1"},"canonical":"https:\/\/olivera-atelier.com\/rs\/cesta-pitanja\/","og_locale":"sr_RS","og_type":"article","og_title":"\u010cesta pitanja || Olivera Atelier","og_description":"\u010cesta pitanja - Pogledajte naj\u010de\u0161\u0107e postavljena pitanja od na\u0161ih kupaca, ako nema pitanja koje vas interesuje slobodno nas kontaktirajte.","og_url":"https:\/\/olivera-atelier.com\/rs\/cesta-pitanja\/","og_site_name":"Prodaja haljina","article_publisher":"https:\/\/www.facebook.com\/Olivera-Atelier-101270025105870\/","article_modified_time":"2024-12-09T20:16:04+00:00","twitter_card":"summary_large_image","twitter_misc":{"Procenjeno vreme \u010ditanja":"1 minut"},"schema":{"@context":"https:\/\/schema.org","@graph":[{"@type":"WebPage","@id":"https:\/\/olivera-atelier.com\/rs\/cesta-pitanja\/","url":"https:\/\/olivera-atelier.com\/rs\/cesta-pitanja\/","name":"\u010cesta pitanja || Olivera Atelier","isPartOf":{"@id":"https:\/\/olivera-atelier.com\/rs\/#website"},"datePublished":"2021-04-14T09:28:11+00:00","dateModified":"2024-12-09T20:16:04+00:00","description":"\u010cesta pitanja - Pogledajte naj\u010de\u0161\u0107e postavljena pitanja od na\u0161ih kupaca, ako nema pitanja koje vas interesuje slobodno nas kontaktirajte.","breadcrumb":{"@id":"https:\/\/olivera-atelier.com\/rs\/cesta-pitanja\/#breadcrumb"},"inLanguage":"sr-RS","potentialAction":[{"@type":"ReadAction","target":["https:\/\/olivera-atelier.com\/rs\/cesta-pitanja\/"]}]},{"@type":"BreadcrumbList","@id":"https:\/\/olivera-atelier.com\/rs\/cesta-pitanja\/#breadcrumb","itemListElement":[{"@type":"ListItem","position":1,"name":"Po\u010detna","item":"https:\/\/olivera-atelier.com\/rs\/"},{"@type":"ListItem","position":2,"name":"\u010cesta pitanja"}]},{"@type":"WebSite","@id":"https:\/\/olivera-atelier.com\/rs\/#website","url":"https:\/\/olivera-atelier.com\/rs\/","name":"Prodaja haljina","description":"Haljine visoke mode","publisher":{"@id":"https:\/\/olivera-atelier.com\/rs\/#organization"},"potentialAction":[{"@type":"SearchAction","target":{"@type":"EntryPoint","urlTemplate":"https:\/\/olivera-atelier.com\/rs\/?s={search_term_string}"},"query-input":{"@type":"PropertyValueSpecification","valueRequired":true,"valueName":"search_term_string"}}],"inLanguage":"sr-RS"},{"@type":"Organization","@id":"https:\/\/olivera-atelier.com\/rs\/#organization","name":"Prodaja haljina","url":"https:\/\/olivera-atelier.com\/rs\/","logo":{"@type":"ImageObject","inLanguage":"sr-RS","@id":"https:\/\/olivera-atelier.com\/rs\/#\/schema\/logo\/image\/","url":"https:\/\/olivera-atelier.com\/wp-content\/uploads\/2022\/04\/Olivera-Logo.png","contentUrl":"https:\/\/olivera-atelier.com\/wp-content\/uploads\/2022\/04\/Olivera-Logo.png","width":278,"height":101,"caption":"Prodaja haljina"},"image":{"@id":"https:\/\/olivera-atelier.com\/rs\/#\/schema\/logo\/image\/"},"sameAs":["https:\/\/www.facebook.com\/Olivera-Atelier-101270025105870\/","https:\/\/www.instagram.com\/olivera_atelier\/"]}]}},"_links":{"self":[{"href":"https:\/\/olivera-atelier.com\/rs\/wp-json\/wp\/v2\/pages\/4183","targetHints":{"allow":["GET"]}}],"collection":[{"href":"https:\/\/olivera-atelier.com\/rs\/wp-json\/wp\/v2\/pages"}],"about":[{"href":"https:\/\/olivera-atelier.com\/rs\/wp-json\/wp\/v2\/types\/page"}],"author":[{"embeddable":true,"href":"https:\/\/olivera-atelier.com\/rs\/wp-json\/wp\/v2\/users\/1"}],"replies":[{"embeddable":true,"href":"https:\/\/olivera-atelier.com\/rs\/wp-json\/wp\/v2\/comments?post=4183"}],"version-history":[{"count":14,"href":"https:\/\/olivera-atelier.com\/rs\/wp-json\/wp\/v2\/pages\/4183\/revisions"}],"predecessor-version":[{"id":9456,"href":"https:\/\/olivera-atelier.com\/rs\/wp-json\/wp\/v2\/pages\/4183\/revisions\/9456"}],"wp:attachment":[{"href":"https:\/\/olivera-atelier.com\/rs\/wp-json\/wp\/v2\/media?parent=4183"}],"curies":[{"name":"wp","href":"https:\/\/api.w.org\/{rel}","templated":true}]}}