{"id":9211,"date":"2023-04-01T01:15:13","date_gmt":"2023-03-31T23:15:13","guid":{"rendered":"https:\/\/olivera-atelier.com\/?page_id=9211"},"modified":"2023-04-01T01:28:00","modified_gmt":"2023-03-31T23:28:00","slug":"blog","status":"publish","type":"page","link":"https:\/\/olivera-atelier.com\/rs\/blog\/","title":{"rendered":"Blog"},"content":{"rendered":"\t\t<div data-elementor-type=\"wp-page\" data-elementor-id=\"9211\" class=\"elementor elementor-9211\">\n\t\t\t\t\t\t<section class=\"elementor-section elementor-top-section elementor-element elementor-element-3b11ce5 elementor-section-boxed elementor-section-height-default elementor-section-height-default qodef-elementor-content-no\" data-id=\"3b11ce5\" data-element_type=\"section\">\n\t\t\t\t\t\t<div class=\"elementor-container elementor-column-gap-default\">\n\t\t\t\t\t<div class=\"elementor-column elementor-col-100 elementor-top-column elementor-element elementor-element-58ff165\" data-id=\"58ff165\" data-element_type=\"column\">\n\t\t\t<div class=\"elementor-widget-wrap elementor-element-populated\">\n\t\t\t\t\t\t<div class=\"elementor-element elementor-element-079e3ac elementor-widget elementor-widget-giada_core_blog_list\" data-id=\"079e3ac\" data-element_type=\"widget\" data-widget_type=\"giada_core_blog_list.default\">\n\t\t\t\t<div class=\"elementor-widget-container\">\n\t\t\t\t\t<div class=\"qodef-shortcode qodef-m  qodef-blog qodef-item-layout--simple qodef-grid qodef-layout--columns  qodef-gutter--small qodef-col-num--2 qodef-item-layout--simple qodef-pagination--on qodef-pagination-type--load-more qodef-responsive--predefined\" data-options=\"{&quot;plugin&quot;:&quot;giada_core&quot;,&quot;module&quot;:&quot;blog\\\/shortcodes&quot;,&quot;shortcode&quot;:&quot;blog-list&quot;,&quot;post_type&quot;:&quot;post&quot;,&quot;next_page&quot;:&quot;2&quot;,&quot;behavior&quot;:&quot;columns&quot;,&quot;images_proportion&quot;:&quot;full&quot;,&quot;columns&quot;:&quot;2&quot;,&quot;columns_responsive&quot;:&quot;predefined&quot;,&quot;space&quot;:&quot;small&quot;,&quot;posts_per_page&quot;:&quot;-1&quot;,&quot;orderby&quot;:&quot;date&quot;,&quot;order&quot;:&quot;DESC&quot;,&quot;layout&quot;:&quot;simple&quot;,&quot;title_tag&quot;:&quot;h3&quot;,&quot;excerpt_length&quot;:&quot;120&quot;,&quot;pagination_type&quot;:&quot;load-more&quot;,&quot;object_class_name&quot;:&quot;GiadaCore_Blog_List_Shortcode&quot;,&quot;taxonomy_filter&quot;:&quot;category&quot;,&quot;space_value&quot;:10}\">\n\t\t<div class=\"qodef-grid-inner clear\">\n\t\t<p class=\"qodef-m-posts-not-found qodef-grid-item\">No posts were found for provided query parameters.<\/p>\n\t<\/div>\n\t<\/div>\n\t\t\t\t<\/div>\n\t\t\t\t<\/div>\n\t\t\t\t\t<\/div>\n\t\t<\/div>\n\t\t\t\t\t<\/div>\n\t\t<\/section>\n\t\t\t\t<\/div>\n\t\t","protected":false},"excerpt":{"rendered":"<p>1 aprila, 2023 Uncategorized bfrs r rvbwbrwb bfrs r rvbwbrwbbfrs r rvbwbrwbbfrs r rvbwbrwbbfrs r rvbwbrwbbfrs r rvbwbrwbbfrs r rvbwbrwbbfrs r rvbwbrwbbfrs r rvbwbrwb Read More 1 aprila, 2023 Uncategorized evevevav ada d bfrs r rvbwbrwbbfrs r rvbwbrwbbfrs r rvbwbrwbbfrs r rvbwbrwbbfrs r rvbwbrwbbfrs r rvbwbrwbbfrs r rvbwbrwbbfrs r rvbwbrwb Read More 1 aprila, 2023 [&hellip;]<\/p>\n","protected":false},"author":1,"featured_media":0,"parent":0,"menu_order":0,"comment_status":"closed","ping_status":"closed","template":"","meta":{"footnotes":""},"class_list":["post-9211","page","type-page","status-publish","hentry"],"yoast_head":"<!-- This site is optimized with the Yoast SEO plugin v26.9 - https:\/\/yoast.com\/product\/yoast-seo-wordpress\/ -->\n<title>Blog || Olivera Atelier<\/title>\n<meta name=\"description\" content=\"Blog - na na\u0161em blogu mo\u017eete pro\u010ditati o nanjovjim modnim trendovima i o najnovijim kolekcijama modne ku\u0107e Olivere Atelier.\" \/>\n<meta name=\"robots\" content=\"index, follow, max-snippet:-1, max-image-preview:large, max-video-preview:-1\" \/>\n<link rel=\"canonical\" href=\"https:\/\/olivera-atelier.com\/rs\/blog\/\" \/>\n<meta property=\"og:locale\" content=\"sr_RS\" \/>\n<meta property=\"og:type\" content=\"article\" \/>\n<meta property=\"og:title\" content=\"Blog || Olivera Atelier\" \/>\n<meta property=\"og:description\" content=\"Blog - na na\u0161em blogu mo\u017eete pro\u010ditati o nanjovjim modnim trendovima i o najnovijim kolekcijama modne ku\u0107e Olivere Atelier.\" \/>\n<meta property=\"og:url\" content=\"https:\/\/olivera-atelier.com\/rs\/blog\/\" \/>\n<meta property=\"og:site_name\" content=\"Prodaja haljina\" \/>\n<meta property=\"article:publisher\" content=\"https:\/\/www.facebook.com\/Olivera-Atelier-101270025105870\/\" \/>\n<meta property=\"article:modified_time\" content=\"2023-03-31T23:28:00+00:00\" \/>\n<meta property=\"og:image\" content=\"https:\/\/olivera-atelier.com\/wp-content\/uploads\/2022\/04\/Blossom-By-Blossom-Olivera-Atelier.jpg\" \/>\n<meta name=\"twitter:card\" content=\"summary_large_image\" \/>\n<meta name=\"twitter:label1\" content=\"Procenjeno vreme \u010ditanja\" \/>\n\t<meta name=\"twitter:data1\" content=\"2 minuta\" \/>\n<script type=\"application\/ld+json\" class=\"yoast-schema-graph\">{\"@context\":\"https:\/\/schema.org\",\"@graph\":[{\"@type\":\"WebPage\",\"@id\":\"https:\/\/olivera-atelier.com\/rs\/blog\/\",\"url\":\"https:\/\/olivera-atelier.com\/rs\/blog\/\",\"name\":\"Blog || Olivera Atelier\",\"isPartOf\":{\"@id\":\"https:\/\/olivera-atelier.com\/rs\/#website\"},\"primaryImageOfPage\":{\"@id\":\"https:\/\/olivera-atelier.com\/rs\/blog\/#primaryimage\"},\"image\":{\"@id\":\"https:\/\/olivera-atelier.com\/rs\/blog\/#primaryimage\"},\"thumbnailUrl\":\"https:\/\/olivera-atelier.com\/wp-content\/uploads\/2022\/04\/Blossom-By-Blossom-Olivera-Atelier.jpg\",\"datePublished\":\"2023-03-31T23:15:13+00:00\",\"dateModified\":\"2023-03-31T23:28:00+00:00\",\"description\":\"Blog - na na\u0161em blogu mo\u017eete pro\u010ditati o nanjovjim modnim trendovima i o najnovijim kolekcijama modne ku\u0107e Olivere Atelier.\",\"breadcrumb\":{\"@id\":\"https:\/\/olivera-atelier.com\/rs\/blog\/#breadcrumb\"},\"inLanguage\":\"sr-RS\",\"potentialAction\":[{\"@type\":\"ReadAction\",\"target\":[\"https:\/\/olivera-atelier.com\/rs\/blog\/\"]}]},{\"@type\":\"ImageObject\",\"inLanguage\":\"sr-RS\",\"@id\":\"https:\/\/olivera-atelier.com\/rs\/blog\/#primaryimage\",\"url\":\"https:\/\/olivera-atelier.com\/wp-content\/uploads\/2022\/04\/Blossom-By-Blossom-Olivera-Atelier.jpg\",\"contentUrl\":\"https:\/\/olivera-atelier.com\/wp-content\/uploads\/2022\/04\/Blossom-By-Blossom-Olivera-Atelier.jpg\"},{\"@type\":\"BreadcrumbList\",\"@id\":\"https:\/\/olivera-atelier.com\/rs\/blog\/#breadcrumb\",\"itemListElement\":[{\"@type\":\"ListItem\",\"position\":1,\"name\":\"Po\u010detna\",\"item\":\"https:\/\/olivera-atelier.com\/rs\/\"},{\"@type\":\"ListItem\",\"position\":2,\"name\":\"Blog\"}]},{\"@type\":\"WebSite\",\"@id\":\"https:\/\/olivera-atelier.com\/rs\/#website\",\"url\":\"https:\/\/olivera-atelier.com\/rs\/\",\"name\":\"Prodaja haljina\",\"description\":\"Haljine visoke mode\",\"publisher\":{\"@id\":\"https:\/\/olivera-atelier.com\/rs\/#organization\"},\"potentialAction\":[{\"@type\":\"SearchAction\",\"target\":{\"@type\":\"EntryPoint\",\"urlTemplate\":\"https:\/\/olivera-atelier.com\/rs\/?s={search_term_string}\"},\"query-input\":{\"@type\":\"PropertyValueSpecification\",\"valueRequired\":true,\"valueName\":\"search_term_string\"}}],\"inLanguage\":\"sr-RS\"},{\"@type\":\"Organization\",\"@id\":\"https:\/\/olivera-atelier.com\/rs\/#organization\",\"name\":\"Prodaja haljina\",\"url\":\"https:\/\/olivera-atelier.com\/rs\/\",\"logo\":{\"@type\":\"ImageObject\",\"inLanguage\":\"sr-RS\",\"@id\":\"https:\/\/olivera-atelier.com\/rs\/#\/schema\/logo\/image\/\",\"url\":\"https:\/\/olivera-atelier.com\/wp-content\/uploads\/2022\/04\/Olivera-Logo.png\",\"contentUrl\":\"https:\/\/olivera-atelier.com\/wp-content\/uploads\/2022\/04\/Olivera-Logo.png\",\"width\":278,\"height\":101,\"caption\":\"Prodaja haljina\"},\"image\":{\"@id\":\"https:\/\/olivera-atelier.com\/rs\/#\/schema\/logo\/image\/\"},\"sameAs\":[\"https:\/\/www.facebook.com\/Olivera-Atelier-101270025105870\/\",\"https:\/\/www.instagram.com\/olivera_atelier\/\"]}]}<\/script>\n<!-- \/ Yoast SEO plugin. -->","yoast_head_json":{"title":"Blog || Olivera Atelier","description":"Blog - na na\u0161em blogu mo\u017eete pro\u010ditati o nanjovjim modnim trendovima i o najnovijim kolekcijama modne ku\u0107e Olivere Atelier.","robots":{"index":"index","follow":"follow","max-snippet":"max-snippet:-1","max-image-preview":"max-image-preview:large","max-video-preview":"max-video-preview:-1"},"canonical":"https:\/\/olivera-atelier.com\/rs\/blog\/","og_locale":"sr_RS","og_type":"article","og_title":"Blog || Olivera Atelier","og_description":"Blog - na na\u0161em blogu mo\u017eete pro\u010ditati o nanjovjim modnim trendovima i o najnovijim kolekcijama modne ku\u0107e Olivere Atelier.","og_url":"https:\/\/olivera-atelier.com\/rs\/blog\/","og_site_name":"Prodaja haljina","article_publisher":"https:\/\/www.facebook.com\/Olivera-Atelier-101270025105870\/","article_modified_time":"2023-03-31T23:28:00+00:00","og_image":[{"url":"https:\/\/olivera-atelier.com\/wp-content\/uploads\/2022\/04\/Blossom-By-Blossom-Olivera-Atelier.jpg","type":"","width":"","height":""}],"twitter_card":"summary_large_image","twitter_misc":{"Procenjeno vreme \u010ditanja":"2 minuta"},"schema":{"@context":"https:\/\/schema.org","@graph":[{"@type":"WebPage","@id":"https:\/\/olivera-atelier.com\/rs\/blog\/","url":"https:\/\/olivera-atelier.com\/rs\/blog\/","name":"Blog || Olivera Atelier","isPartOf":{"@id":"https:\/\/olivera-atelier.com\/rs\/#website"},"primaryImageOfPage":{"@id":"https:\/\/olivera-atelier.com\/rs\/blog\/#primaryimage"},"image":{"@id":"https:\/\/olivera-atelier.com\/rs\/blog\/#primaryimage"},"thumbnailUrl":"https:\/\/olivera-atelier.com\/wp-content\/uploads\/2022\/04\/Blossom-By-Blossom-Olivera-Atelier.jpg","datePublished":"2023-03-31T23:15:13+00:00","dateModified":"2023-03-31T23:28:00+00:00","description":"Blog - na na\u0161em blogu mo\u017eete pro\u010ditati o nanjovjim modnim trendovima i o najnovijim kolekcijama modne ku\u0107e Olivere Atelier.","breadcrumb":{"@id":"https:\/\/olivera-atelier.com\/rs\/blog\/#breadcrumb"},"inLanguage":"sr-RS","potentialAction":[{"@type":"ReadAction","target":["https:\/\/olivera-atelier.com\/rs\/blog\/"]}]},{"@type":"ImageObject","inLanguage":"sr-RS","@id":"https:\/\/olivera-atelier.com\/rs\/blog\/#primaryimage","url":"https:\/\/olivera-atelier.com\/wp-content\/uploads\/2022\/04\/Blossom-By-Blossom-Olivera-Atelier.jpg","contentUrl":"https:\/\/olivera-atelier.com\/wp-content\/uploads\/2022\/04\/Blossom-By-Blossom-Olivera-Atelier.jpg"},{"@type":"BreadcrumbList","@id":"https:\/\/olivera-atelier.com\/rs\/blog\/#breadcrumb","itemListElement":[{"@type":"ListItem","position":1,"name":"Po\u010detna","item":"https:\/\/olivera-atelier.com\/rs\/"},{"@type":"ListItem","position":2,"name":"Blog"}]},{"@type":"WebSite","@id":"https:\/\/olivera-atelier.com\/rs\/#website","url":"https:\/\/olivera-atelier.com\/rs\/","name":"Prodaja haljina","description":"Haljine visoke mode","publisher":{"@id":"https:\/\/olivera-atelier.com\/rs\/#organization"},"potentialAction":[{"@type":"SearchAction","target":{"@type":"EntryPoint","urlTemplate":"https:\/\/olivera-atelier.com\/rs\/?s={search_term_string}"},"query-input":{"@type":"PropertyValueSpecification","valueRequired":true,"valueName":"search_term_string"}}],"inLanguage":"sr-RS"},{"@type":"Organization","@id":"https:\/\/olivera-atelier.com\/rs\/#organization","name":"Prodaja haljina","url":"https:\/\/olivera-atelier.com\/rs\/","logo":{"@type":"ImageObject","inLanguage":"sr-RS","@id":"https:\/\/olivera-atelier.com\/rs\/#\/schema\/logo\/image\/","url":"https:\/\/olivera-atelier.com\/wp-content\/uploads\/2022\/04\/Olivera-Logo.png","contentUrl":"https:\/\/olivera-atelier.com\/wp-content\/uploads\/2022\/04\/Olivera-Logo.png","width":278,"height":101,"caption":"Prodaja haljina"},"image":{"@id":"https:\/\/olivera-atelier.com\/rs\/#\/schema\/logo\/image\/"},"sameAs":["https:\/\/www.facebook.com\/Olivera-Atelier-101270025105870\/","https:\/\/www.instagram.com\/olivera_atelier\/"]}]}},"_links":{"self":[{"href":"https:\/\/olivera-atelier.com\/rs\/wp-json\/wp\/v2\/pages\/9211","targetHints":{"allow":["GET"]}}],"collection":[{"href":"https:\/\/olivera-atelier.com\/rs\/wp-json\/wp\/v2\/pages"}],"about":[{"href":"https:\/\/olivera-atelier.com\/rs\/wp-json\/wp\/v2\/types\/page"}],"author":[{"embeddable":true,"href":"https:\/\/olivera-atelier.com\/rs\/wp-json\/wp\/v2\/users\/1"}],"replies":[{"embeddable":true,"href":"https:\/\/olivera-atelier.com\/rs\/wp-json\/wp\/v2\/comments?post=9211"}],"version-history":[{"count":11,"href":"https:\/\/olivera-atelier.com\/rs\/wp-json\/wp\/v2\/pages\/9211\/revisions"}],"predecessor-version":[{"id":9297,"href":"https:\/\/olivera-atelier.com\/rs\/wp-json\/wp\/v2\/pages\/9211\/revisions\/9297"}],"wp:attachment":[{"href":"https:\/\/olivera-atelier.com\/rs\/wp-json\/wp\/v2\/media?parent=9211"}],"curies":[{"name":"wp","href":"https:\/\/api.w.org\/{rel}","templated":true}]}}