{"id":8555,"date":"2022-04-13T01:44:43","date_gmt":"2022-04-12T23:44:43","guid":{"rendered":"https:\/\/olivera-atelier.com\/?post_type=product&#038;p=8555"},"modified":"2024-12-09T22:02:57","modified_gmt":"2024-12-09T20:02:57","slug":"duga-haljina-od-dve-vrste-materijala-sa-ruzom","status":"publish","type":"product","link":"https:\/\/olivera-atelier.com\/rs\/product\/duga-haljina-od-dve-vrste-materijala-sa-ruzom\/","title":{"rendered":"Duga haljina od dve vrste materijala sa ru\u017eom"},"content":{"rendered":"<p>Ova haljina se sastoji od dve vrste materijala u dve boje. Gornji deo poseduje ru\u017eu sa prednje strane dok su sa zadnje strane le\u0111a otvorena. Donji deo je sa zadnje strane blago spu\u0161ten dok sa prednje strane ima pristojan \u0161lic u centralnom delu. Mo\u017eete je kombinovati sa sandalama u neutralnoj ili crnoj boji. Savetujem pismo ta\u0161nu.<\/p>\n","protected":false},"excerpt":{"rendered":"<p>Sastav materijala: 100% poliester<\/p>\n","protected":false},"featured_media":9196,"comment_status":"open","ping_status":"closed","template":"","meta":[],"product_brand":[],"product_cat":[71],"product_tag":[],"class_list":{"0":"post-8555","1":"product","2":"type-product","3":"status-publish","4":"has-post-thumbnail","6":"product_cat-blossom-by-blossom","8":"first","9":"instock","10":"shipping-taxable","11":"purchasable","12":"product-type-variable"},"yoast_head":"<!-- This site is optimized with the Yoast SEO plugin v26.9 - https:\/\/yoast.com\/product\/yoast-seo-wordpress\/ -->\n<title>Duga haljina od dve vrste materijala sa ru\u017eom || Olivera Atelier<\/title>\n<meta name=\"description\" content=\"Duga haljina od dve vrste materijala sa ru\u017eom - Ova haljina se sastoji od dve vrste materijala u dve boje. Gornji deo poseduje ru\u017eu sa ...\" \/>\n<meta name=\"robots\" content=\"index, follow, max-snippet:-1, max-image-preview:large, max-video-preview:-1\" \/>\n<link rel=\"canonical\" href=\"https:\/\/olivera-atelier.com\/rs\/product\/duga-haljina-od-dve-vrste-materijala-sa-ruzom\/\" \/>\n<meta property=\"og:locale\" content=\"sr_RS\" \/>\n<meta property=\"og:type\" content=\"article\" \/>\n<meta property=\"og:title\" content=\"Duga haljina od dve vrste materijala sa ru\u017eom || Olivera Atelier\" \/>\n<meta property=\"og:description\" content=\"Duga haljina od dve vrste materijala sa ru\u017eom - Ova haljina se sastoji od dve vrste materijala u dve boje. Gornji deo poseduje ru\u017eu sa ...\" \/>\n<meta property=\"og:url\" content=\"https:\/\/olivera-atelier.com\/rs\/product\/duga-haljina-od-dve-vrste-materijala-sa-ruzom\/\" \/>\n<meta property=\"og:site_name\" content=\"Prodaja haljina\" \/>\n<meta property=\"article:publisher\" content=\"https:\/\/www.facebook.com\/Olivera-Atelier-101270025105870\/\" \/>\n<meta property=\"article:modified_time\" content=\"2024-12-09T20:02:57+00:00\" \/>\n<meta property=\"og:image\" content=\"https:\/\/olivera-atelier.com\/rs\/wp-content\/uploads\/2022\/04\/Duga-haljina-od-dve-vrste-materijala-sa-ruzom.jpg\" \/>\n\t<meta property=\"og:image:width\" content=\"600\" \/>\n\t<meta property=\"og:image:height\" content=\"900\" \/>\n\t<meta property=\"og:image:type\" content=\"image\/jpeg\" \/>\n<meta name=\"twitter:card\" content=\"summary_large_image\" \/>\n<meta name=\"twitter:label1\" content=\"Procenjeno vreme \u010ditanja\" \/>\n\t<meta name=\"twitter:data1\" content=\"1 minut\" \/>\n<script type=\"application\/ld+json\" class=\"yoast-schema-graph\">{\"@context\":\"https:\/\/schema.org\",\"@graph\":[{\"@type\":\"WebPage\",\"@id\":\"https:\/\/olivera-atelier.com\/rs\/product\/duga-haljina-od-dve-vrste-materijala-sa-ruzom\/\",\"url\":\"https:\/\/olivera-atelier.com\/rs\/product\/duga-haljina-od-dve-vrste-materijala-sa-ruzom\/\",\"name\":\"Duga haljina od dve vrste materijala sa ru\u017eom || Olivera Atelier\",\"isPartOf\":{\"@id\":\"https:\/\/olivera-atelier.com\/rs\/#website\"},\"primaryImageOfPage\":{\"@id\":\"https:\/\/olivera-atelier.com\/rs\/product\/duga-haljina-od-dve-vrste-materijala-sa-ruzom\/#primaryimage\"},\"image\":{\"@id\":\"https:\/\/olivera-atelier.com\/rs\/product\/duga-haljina-od-dve-vrste-materijala-sa-ruzom\/#primaryimage\"},\"thumbnailUrl\":\"https:\/\/olivera-atelier.com\/rs\/wp-content\/uploads\/2022\/04\/Duga-haljina-od-dve-vrste-materijala-sa-ruzom.jpg\",\"datePublished\":\"2022-04-12T23:44:43+00:00\",\"dateModified\":\"2024-12-09T20:02:57+00:00\",\"description\":\"Duga haljina od dve vrste materijala sa ru\u017eom - Ova haljina se sastoji od dve vrste materijala u dve boje. Gornji deo poseduje ru\u017eu sa ...\",\"breadcrumb\":{\"@id\":\"https:\/\/olivera-atelier.com\/rs\/product\/duga-haljina-od-dve-vrste-materijala-sa-ruzom\/#breadcrumb\"},\"inLanguage\":\"sr-RS\",\"potentialAction\":[{\"@type\":\"ReadAction\",\"target\":[\"https:\/\/olivera-atelier.com\/rs\/product\/duga-haljina-od-dve-vrste-materijala-sa-ruzom\/\"]}]},{\"@type\":\"ImageObject\",\"inLanguage\":\"sr-RS\",\"@id\":\"https:\/\/olivera-atelier.com\/rs\/product\/duga-haljina-od-dve-vrste-materijala-sa-ruzom\/#primaryimage\",\"url\":\"https:\/\/olivera-atelier.com\/rs\/wp-content\/uploads\/2022\/04\/Duga-haljina-od-dve-vrste-materijala-sa-ruzom.jpg\",\"contentUrl\":\"https:\/\/olivera-atelier.com\/rs\/wp-content\/uploads\/2022\/04\/Duga-haljina-od-dve-vrste-materijala-sa-ruzom.jpg\",\"width\":600,\"height\":900},{\"@type\":\"BreadcrumbList\",\"@id\":\"https:\/\/olivera-atelier.com\/rs\/product\/duga-haljina-od-dve-vrste-materijala-sa-ruzom\/#breadcrumb\",\"itemListElement\":[{\"@type\":\"ListItem\",\"position\":1,\"name\":\"Po\u010detna\",\"item\":\"https:\/\/olivera-atelier.com\/rs\/\"},{\"@type\":\"ListItem\",\"position\":2,\"name\":\"Proizvodi\",\"item\":\"https:\/\/olivera-atelier.com\/rs\/proizvodi\/\"},{\"@type\":\"ListItem\",\"position\":3,\"name\":\"Duga haljina od dve vrste materijala sa ru\u017eom\"}]},{\"@type\":\"WebSite\",\"@id\":\"https:\/\/olivera-atelier.com\/rs\/#website\",\"url\":\"https:\/\/olivera-atelier.com\/rs\/\",\"name\":\"Prodaja haljina\",\"description\":\"Haljine visoke mode\",\"publisher\":{\"@id\":\"https:\/\/olivera-atelier.com\/rs\/#organization\"},\"potentialAction\":[{\"@type\":\"SearchAction\",\"target\":{\"@type\":\"EntryPoint\",\"urlTemplate\":\"https:\/\/olivera-atelier.com\/rs\/?s={search_term_string}\"},\"query-input\":{\"@type\":\"PropertyValueSpecification\",\"valueRequired\":true,\"valueName\":\"search_term_string\"}}],\"inLanguage\":\"sr-RS\"},{\"@type\":\"Organization\",\"@id\":\"https:\/\/olivera-atelier.com\/rs\/#organization\",\"name\":\"Prodaja haljina\",\"url\":\"https:\/\/olivera-atelier.com\/rs\/\",\"logo\":{\"@type\":\"ImageObject\",\"inLanguage\":\"sr-RS\",\"@id\":\"https:\/\/olivera-atelier.com\/rs\/#\/schema\/logo\/image\/\",\"url\":\"https:\/\/olivera-atelier.com\/wp-content\/uploads\/2022\/04\/Olivera-Logo.png\",\"contentUrl\":\"https:\/\/olivera-atelier.com\/wp-content\/uploads\/2022\/04\/Olivera-Logo.png\",\"width\":278,\"height\":101,\"caption\":\"Prodaja haljina\"},\"image\":{\"@id\":\"https:\/\/olivera-atelier.com\/rs\/#\/schema\/logo\/image\/\"},\"sameAs\":[\"https:\/\/www.facebook.com\/Olivera-Atelier-101270025105870\/\",\"https:\/\/www.instagram.com\/olivera_atelier\/\"]}]}<\/script>\n<!-- \/ Yoast SEO plugin. -->","yoast_head_json":{"title":"Duga haljina od dve vrste materijala sa ru\u017eom || Olivera Atelier","description":"Duga haljina od dve vrste materijala sa ru\u017eom - Ova haljina se sastoji od dve vrste materijala u dve boje. Gornji deo poseduje ru\u017eu sa ...","robots":{"index":"index","follow":"follow","max-snippet":"max-snippet:-1","max-image-preview":"max-image-preview:large","max-video-preview":"max-video-preview:-1"},"canonical":"https:\/\/olivera-atelier.com\/rs\/product\/duga-haljina-od-dve-vrste-materijala-sa-ruzom\/","og_locale":"sr_RS","og_type":"article","og_title":"Duga haljina od dve vrste materijala sa ru\u017eom || Olivera Atelier","og_description":"Duga haljina od dve vrste materijala sa ru\u017eom - Ova haljina se sastoji od dve vrste materijala u dve boje. Gornji deo poseduje ru\u017eu sa ...","og_url":"https:\/\/olivera-atelier.com\/rs\/product\/duga-haljina-od-dve-vrste-materijala-sa-ruzom\/","og_site_name":"Prodaja haljina","article_publisher":"https:\/\/www.facebook.com\/Olivera-Atelier-101270025105870\/","article_modified_time":"2024-12-09T20:02:57+00:00","og_image":[{"width":600,"height":900,"url":"https:\/\/olivera-atelier.com\/rs\/wp-content\/uploads\/2022\/04\/Duga-haljina-od-dve-vrste-materijala-sa-ruzom.jpg","type":"image\/jpeg"}],"twitter_card":"summary_large_image","twitter_misc":{"Procenjeno vreme \u010ditanja":"1 minut"},"schema":{"@context":"https:\/\/schema.org","@graph":[{"@type":"WebPage","@id":"https:\/\/olivera-atelier.com\/rs\/product\/duga-haljina-od-dve-vrste-materijala-sa-ruzom\/","url":"https:\/\/olivera-atelier.com\/rs\/product\/duga-haljina-od-dve-vrste-materijala-sa-ruzom\/","name":"Duga haljina od dve vrste materijala sa ru\u017eom || Olivera Atelier","isPartOf":{"@id":"https:\/\/olivera-atelier.com\/rs\/#website"},"primaryImageOfPage":{"@id":"https:\/\/olivera-atelier.com\/rs\/product\/duga-haljina-od-dve-vrste-materijala-sa-ruzom\/#primaryimage"},"image":{"@id":"https:\/\/olivera-atelier.com\/rs\/product\/duga-haljina-od-dve-vrste-materijala-sa-ruzom\/#primaryimage"},"thumbnailUrl":"https:\/\/olivera-atelier.com\/rs\/wp-content\/uploads\/2022\/04\/Duga-haljina-od-dve-vrste-materijala-sa-ruzom.jpg","datePublished":"2022-04-12T23:44:43+00:00","dateModified":"2024-12-09T20:02:57+00:00","description":"Duga haljina od dve vrste materijala sa ru\u017eom - Ova haljina se sastoji od dve vrste materijala u dve boje. Gornji deo poseduje ru\u017eu sa ...","breadcrumb":{"@id":"https:\/\/olivera-atelier.com\/rs\/product\/duga-haljina-od-dve-vrste-materijala-sa-ruzom\/#breadcrumb"},"inLanguage":"sr-RS","potentialAction":[{"@type":"ReadAction","target":["https:\/\/olivera-atelier.com\/rs\/product\/duga-haljina-od-dve-vrste-materijala-sa-ruzom\/"]}]},{"@type":"ImageObject","inLanguage":"sr-RS","@id":"https:\/\/olivera-atelier.com\/rs\/product\/duga-haljina-od-dve-vrste-materijala-sa-ruzom\/#primaryimage","url":"https:\/\/olivera-atelier.com\/rs\/wp-content\/uploads\/2022\/04\/Duga-haljina-od-dve-vrste-materijala-sa-ruzom.jpg","contentUrl":"https:\/\/olivera-atelier.com\/rs\/wp-content\/uploads\/2022\/04\/Duga-haljina-od-dve-vrste-materijala-sa-ruzom.jpg","width":600,"height":900},{"@type":"BreadcrumbList","@id":"https:\/\/olivera-atelier.com\/rs\/product\/duga-haljina-od-dve-vrste-materijala-sa-ruzom\/#breadcrumb","itemListElement":[{"@type":"ListItem","position":1,"name":"Po\u010detna","item":"https:\/\/olivera-atelier.com\/rs\/"},{"@type":"ListItem","position":2,"name":"Proizvodi","item":"https:\/\/olivera-atelier.com\/rs\/proizvodi\/"},{"@type":"ListItem","position":3,"name":"Duga haljina od dve vrste materijala sa ru\u017eom"}]},{"@type":"WebSite","@id":"https:\/\/olivera-atelier.com\/rs\/#website","url":"https:\/\/olivera-atelier.com\/rs\/","name":"Prodaja haljina","description":"Haljine visoke mode","publisher":{"@id":"https:\/\/olivera-atelier.com\/rs\/#organization"},"potentialAction":[{"@type":"SearchAction","target":{"@type":"EntryPoint","urlTemplate":"https:\/\/olivera-atelier.com\/rs\/?s={search_term_string}"},"query-input":{"@type":"PropertyValueSpecification","valueRequired":true,"valueName":"search_term_string"}}],"inLanguage":"sr-RS"},{"@type":"Organization","@id":"https:\/\/olivera-atelier.com\/rs\/#organization","name":"Prodaja haljina","url":"https:\/\/olivera-atelier.com\/rs\/","logo":{"@type":"ImageObject","inLanguage":"sr-RS","@id":"https:\/\/olivera-atelier.com\/rs\/#\/schema\/logo\/image\/","url":"https:\/\/olivera-atelier.com\/wp-content\/uploads\/2022\/04\/Olivera-Logo.png","contentUrl":"https:\/\/olivera-atelier.com\/wp-content\/uploads\/2022\/04\/Olivera-Logo.png","width":278,"height":101,"caption":"Prodaja haljina"},"image":{"@id":"https:\/\/olivera-atelier.com\/rs\/#\/schema\/logo\/image\/"},"sameAs":["https:\/\/www.facebook.com\/Olivera-Atelier-101270025105870\/","https:\/\/www.instagram.com\/olivera_atelier\/"]}]}},"_links":{"self":[{"href":"https:\/\/olivera-atelier.com\/rs\/wp-json\/wp\/v2\/product\/8555","targetHints":{"allow":["GET"]}}],"collection":[{"href":"https:\/\/olivera-atelier.com\/rs\/wp-json\/wp\/v2\/product"}],"about":[{"href":"https:\/\/olivera-atelier.com\/rs\/wp-json\/wp\/v2\/types\/product"}],"replies":[{"embeddable":true,"href":"https:\/\/olivera-atelier.com\/rs\/wp-json\/wp\/v2\/comments?post=8555"}],"wp:featuredmedia":[{"embeddable":true,"href":"https:\/\/olivera-atelier.com\/rs\/wp-json\/wp\/v2\/media\/9196"}],"wp:attachment":[{"href":"https:\/\/olivera-atelier.com\/rs\/wp-json\/wp\/v2\/media?parent=8555"}],"wp:term":[{"taxonomy":"product_brand","embeddable":true,"href":"https:\/\/olivera-atelier.com\/rs\/wp-json\/wp\/v2\/product_brand?post=8555"},{"taxonomy":"product_cat","embeddable":true,"href":"https:\/\/olivera-atelier.com\/rs\/wp-json\/wp\/v2\/product_cat?post=8555"},{"taxonomy":"product_tag","embeddable":true,"href":"https:\/\/olivera-atelier.com\/rs\/wp-json\/wp\/v2\/product_tag?post=8555"}],"curies":[{"name":"wp","href":"https:\/\/api.w.org\/{rel}","templated":true}]}}