{"id":8564,"date":"2022-04-13T01:57:57","date_gmt":"2022-04-12T23:57:57","guid":{"rendered":"https:\/\/olivera-atelier.com\/?post_type=product&#038;p=8564"},"modified":"2024-12-09T22:01:01","modified_gmt":"2024-12-09T20:01:01","slug":"duga-haljina-sa-puf-rukavima","status":"publish","type":"product","link":"https:\/\/olivera-atelier.com\/rs\/product\/duga-haljina-sa-puf-rukavima\/","title":{"rendered":"Duga haljina sa puf rukavima"},"content":{"rendered":"<p>Duga haljina sa puf rukavima, idealna je za sve vrste sve\u010danosti. Nizak preklop na zadnjem delu \u010dini le\u0111a haljine otvorenim. Lanac koji povezuje rukave na le\u0111ima je neodoljiv detalj koji daje dodatnu stabilnost rukavima. Mo\u017eete nositi sandale u neutralnoj boji kao i salonke. Preporu\u010dujem pismo ta\u0161nu.<\/p>\n","protected":false},"excerpt":{"rendered":"<p>Sastav materijala: 97% poliester, 3% elastin<\/p>\n","protected":false},"featured_media":9186,"comment_status":"open","ping_status":"closed","template":"","meta":[],"product_brand":[],"product_cat":[71],"product_tag":[],"class_list":{"0":"post-8564","1":"product","2":"type-product","3":"status-publish","4":"has-post-thumbnail","6":"product_cat-blossom-by-blossom","8":"first","9":"outofstock","10":"shipping-taxable","11":"purchasable","12":"product-type-variable"},"yoast_head":"<!-- This site is optimized with the Yoast SEO plugin v26.9 - https:\/\/yoast.com\/product\/yoast-seo-wordpress\/ -->\n<title>Duga haljina sa puf rukavima || Olivera Atelier<\/title>\n<meta name=\"description\" content=\"Duga haljina sa puf rukavima - Duga haljina sa puf rukavima, idealna je za sve vrste sve\u010danosti. Nizak preklop na zadnjem delu \u010dini le\u0111a ...\" \/>\n<meta name=\"robots\" content=\"index, follow, max-snippet:-1, max-image-preview:large, max-video-preview:-1\" \/>\n<link rel=\"canonical\" href=\"https:\/\/olivera-atelier.com\/rs\/product\/duga-haljina-sa-puf-rukavima\/\" \/>\n<meta property=\"og:locale\" content=\"sr_RS\" \/>\n<meta property=\"og:type\" content=\"article\" \/>\n<meta property=\"og:title\" content=\"Duga haljina sa puf rukavima || Olivera Atelier\" \/>\n<meta property=\"og:description\" content=\"Duga haljina sa puf rukavima - Duga haljina sa puf rukavima, idealna je za sve vrste sve\u010danosti. Nizak preklop na zadnjem delu \u010dini le\u0111a ...\" \/>\n<meta property=\"og:url\" content=\"https:\/\/olivera-atelier.com\/rs\/product\/duga-haljina-sa-puf-rukavima\/\" \/>\n<meta property=\"og:site_name\" content=\"Prodaja haljina\" \/>\n<meta property=\"article:publisher\" content=\"https:\/\/www.facebook.com\/Olivera-Atelier-101270025105870\/\" \/>\n<meta property=\"article:modified_time\" content=\"2024-12-09T20:01:01+00:00\" \/>\n<meta property=\"og:image\" content=\"https:\/\/olivera-atelier.com\/rs\/wp-content\/uploads\/2022\/04\/Duga-haljina-sa-puf-rukavima.jpg\" \/>\n\t<meta property=\"og:image:width\" content=\"600\" \/>\n\t<meta property=\"og:image:height\" content=\"900\" \/>\n\t<meta property=\"og:image:type\" content=\"image\/jpeg\" \/>\n<meta name=\"twitter:card\" content=\"summary_large_image\" \/>\n<meta name=\"twitter:label1\" content=\"Procenjeno vreme \u010ditanja\" \/>\n\t<meta name=\"twitter:data1\" content=\"1 minut\" \/>\n<script type=\"application\/ld+json\" class=\"yoast-schema-graph\">{\"@context\":\"https:\/\/schema.org\",\"@graph\":[{\"@type\":\"WebPage\",\"@id\":\"https:\/\/olivera-atelier.com\/rs\/product\/duga-haljina-sa-puf-rukavima\/\",\"url\":\"https:\/\/olivera-atelier.com\/rs\/product\/duga-haljina-sa-puf-rukavima\/\",\"name\":\"Duga haljina sa puf rukavima || Olivera Atelier\",\"isPartOf\":{\"@id\":\"https:\/\/olivera-atelier.com\/rs\/#website\"},\"primaryImageOfPage\":{\"@id\":\"https:\/\/olivera-atelier.com\/rs\/product\/duga-haljina-sa-puf-rukavima\/#primaryimage\"},\"image\":{\"@id\":\"https:\/\/olivera-atelier.com\/rs\/product\/duga-haljina-sa-puf-rukavima\/#primaryimage\"},\"thumbnailUrl\":\"https:\/\/olivera-atelier.com\/rs\/wp-content\/uploads\/2022\/04\/Duga-haljina-sa-puf-rukavima.jpg\",\"datePublished\":\"2022-04-12T23:57:57+00:00\",\"dateModified\":\"2024-12-09T20:01:01+00:00\",\"description\":\"Duga haljina sa puf rukavima - Duga haljina sa puf rukavima, idealna je za sve vrste sve\u010danosti. Nizak preklop na zadnjem delu \u010dini le\u0111a ...\",\"breadcrumb\":{\"@id\":\"https:\/\/olivera-atelier.com\/rs\/product\/duga-haljina-sa-puf-rukavima\/#breadcrumb\"},\"inLanguage\":\"sr-RS\",\"potentialAction\":[{\"@type\":\"ReadAction\",\"target\":[\"https:\/\/olivera-atelier.com\/rs\/product\/duga-haljina-sa-puf-rukavima\/\"]}]},{\"@type\":\"ImageObject\",\"inLanguage\":\"sr-RS\",\"@id\":\"https:\/\/olivera-atelier.com\/rs\/product\/duga-haljina-sa-puf-rukavima\/#primaryimage\",\"url\":\"https:\/\/olivera-atelier.com\/rs\/wp-content\/uploads\/2022\/04\/Duga-haljina-sa-puf-rukavima.jpg\",\"contentUrl\":\"https:\/\/olivera-atelier.com\/rs\/wp-content\/uploads\/2022\/04\/Duga-haljina-sa-puf-rukavima.jpg\",\"width\":600,\"height\":900},{\"@type\":\"BreadcrumbList\",\"@id\":\"https:\/\/olivera-atelier.com\/rs\/product\/duga-haljina-sa-puf-rukavima\/#breadcrumb\",\"itemListElement\":[{\"@type\":\"ListItem\",\"position\":1,\"name\":\"Po\u010detna\",\"item\":\"https:\/\/olivera-atelier.com\/rs\/\"},{\"@type\":\"ListItem\",\"position\":2,\"name\":\"Proizvodi\",\"item\":\"https:\/\/olivera-atelier.com\/rs\/proizvodi\/\"},{\"@type\":\"ListItem\",\"position\":3,\"name\":\"Duga haljina sa puf rukavima\"}]},{\"@type\":\"WebSite\",\"@id\":\"https:\/\/olivera-atelier.com\/rs\/#website\",\"url\":\"https:\/\/olivera-atelier.com\/rs\/\",\"name\":\"Prodaja haljina\",\"description\":\"Haljine visoke mode\",\"publisher\":{\"@id\":\"https:\/\/olivera-atelier.com\/rs\/#organization\"},\"potentialAction\":[{\"@type\":\"SearchAction\",\"target\":{\"@type\":\"EntryPoint\",\"urlTemplate\":\"https:\/\/olivera-atelier.com\/rs\/?s={search_term_string}\"},\"query-input\":{\"@type\":\"PropertyValueSpecification\",\"valueRequired\":true,\"valueName\":\"search_term_string\"}}],\"inLanguage\":\"sr-RS\"},{\"@type\":\"Organization\",\"@id\":\"https:\/\/olivera-atelier.com\/rs\/#organization\",\"name\":\"Prodaja haljina\",\"url\":\"https:\/\/olivera-atelier.com\/rs\/\",\"logo\":{\"@type\":\"ImageObject\",\"inLanguage\":\"sr-RS\",\"@id\":\"https:\/\/olivera-atelier.com\/rs\/#\/schema\/logo\/image\/\",\"url\":\"https:\/\/olivera-atelier.com\/wp-content\/uploads\/2022\/04\/Olivera-Logo.png\",\"contentUrl\":\"https:\/\/olivera-atelier.com\/wp-content\/uploads\/2022\/04\/Olivera-Logo.png\",\"width\":278,\"height\":101,\"caption\":\"Prodaja haljina\"},\"image\":{\"@id\":\"https:\/\/olivera-atelier.com\/rs\/#\/schema\/logo\/image\/\"},\"sameAs\":[\"https:\/\/www.facebook.com\/Olivera-Atelier-101270025105870\/\",\"https:\/\/www.instagram.com\/olivera_atelier\/\"]}]}<\/script>\n<!-- \/ Yoast SEO plugin. -->","yoast_head_json":{"title":"Duga haljina sa puf rukavima || Olivera Atelier","description":"Duga haljina sa puf rukavima - Duga haljina sa puf rukavima, idealna je za sve vrste sve\u010danosti. Nizak preklop na zadnjem delu \u010dini le\u0111a ...","robots":{"index":"index","follow":"follow","max-snippet":"max-snippet:-1","max-image-preview":"max-image-preview:large","max-video-preview":"max-video-preview:-1"},"canonical":"https:\/\/olivera-atelier.com\/rs\/product\/duga-haljina-sa-puf-rukavima\/","og_locale":"sr_RS","og_type":"article","og_title":"Duga haljina sa puf rukavima || Olivera Atelier","og_description":"Duga haljina sa puf rukavima - Duga haljina sa puf rukavima, idealna je za sve vrste sve\u010danosti. Nizak preklop na zadnjem delu \u010dini le\u0111a ...","og_url":"https:\/\/olivera-atelier.com\/rs\/product\/duga-haljina-sa-puf-rukavima\/","og_site_name":"Prodaja haljina","article_publisher":"https:\/\/www.facebook.com\/Olivera-Atelier-101270025105870\/","article_modified_time":"2024-12-09T20:01:01+00:00","og_image":[{"width":600,"height":900,"url":"https:\/\/olivera-atelier.com\/rs\/wp-content\/uploads\/2022\/04\/Duga-haljina-sa-puf-rukavima.jpg","type":"image\/jpeg"}],"twitter_card":"summary_large_image","twitter_misc":{"Procenjeno vreme \u010ditanja":"1 minut"},"schema":{"@context":"https:\/\/schema.org","@graph":[{"@type":"WebPage","@id":"https:\/\/olivera-atelier.com\/rs\/product\/duga-haljina-sa-puf-rukavima\/","url":"https:\/\/olivera-atelier.com\/rs\/product\/duga-haljina-sa-puf-rukavima\/","name":"Duga haljina sa puf rukavima || Olivera Atelier","isPartOf":{"@id":"https:\/\/olivera-atelier.com\/rs\/#website"},"primaryImageOfPage":{"@id":"https:\/\/olivera-atelier.com\/rs\/product\/duga-haljina-sa-puf-rukavima\/#primaryimage"},"image":{"@id":"https:\/\/olivera-atelier.com\/rs\/product\/duga-haljina-sa-puf-rukavima\/#primaryimage"},"thumbnailUrl":"https:\/\/olivera-atelier.com\/rs\/wp-content\/uploads\/2022\/04\/Duga-haljina-sa-puf-rukavima.jpg","datePublished":"2022-04-12T23:57:57+00:00","dateModified":"2024-12-09T20:01:01+00:00","description":"Duga haljina sa puf rukavima - Duga haljina sa puf rukavima, idealna je za sve vrste sve\u010danosti. Nizak preklop na zadnjem delu \u010dini le\u0111a ...","breadcrumb":{"@id":"https:\/\/olivera-atelier.com\/rs\/product\/duga-haljina-sa-puf-rukavima\/#breadcrumb"},"inLanguage":"sr-RS","potentialAction":[{"@type":"ReadAction","target":["https:\/\/olivera-atelier.com\/rs\/product\/duga-haljina-sa-puf-rukavima\/"]}]},{"@type":"ImageObject","inLanguage":"sr-RS","@id":"https:\/\/olivera-atelier.com\/rs\/product\/duga-haljina-sa-puf-rukavima\/#primaryimage","url":"https:\/\/olivera-atelier.com\/rs\/wp-content\/uploads\/2022\/04\/Duga-haljina-sa-puf-rukavima.jpg","contentUrl":"https:\/\/olivera-atelier.com\/rs\/wp-content\/uploads\/2022\/04\/Duga-haljina-sa-puf-rukavima.jpg","width":600,"height":900},{"@type":"BreadcrumbList","@id":"https:\/\/olivera-atelier.com\/rs\/product\/duga-haljina-sa-puf-rukavima\/#breadcrumb","itemListElement":[{"@type":"ListItem","position":1,"name":"Po\u010detna","item":"https:\/\/olivera-atelier.com\/rs\/"},{"@type":"ListItem","position":2,"name":"Proizvodi","item":"https:\/\/olivera-atelier.com\/rs\/proizvodi\/"},{"@type":"ListItem","position":3,"name":"Duga haljina sa puf rukavima"}]},{"@type":"WebSite","@id":"https:\/\/olivera-atelier.com\/rs\/#website","url":"https:\/\/olivera-atelier.com\/rs\/","name":"Prodaja haljina","description":"Haljine visoke mode","publisher":{"@id":"https:\/\/olivera-atelier.com\/rs\/#organization"},"potentialAction":[{"@type":"SearchAction","target":{"@type":"EntryPoint","urlTemplate":"https:\/\/olivera-atelier.com\/rs\/?s={search_term_string}"},"query-input":{"@type":"PropertyValueSpecification","valueRequired":true,"valueName":"search_term_string"}}],"inLanguage":"sr-RS"},{"@type":"Organization","@id":"https:\/\/olivera-atelier.com\/rs\/#organization","name":"Prodaja haljina","url":"https:\/\/olivera-atelier.com\/rs\/","logo":{"@type":"ImageObject","inLanguage":"sr-RS","@id":"https:\/\/olivera-atelier.com\/rs\/#\/schema\/logo\/image\/","url":"https:\/\/olivera-atelier.com\/wp-content\/uploads\/2022\/04\/Olivera-Logo.png","contentUrl":"https:\/\/olivera-atelier.com\/wp-content\/uploads\/2022\/04\/Olivera-Logo.png","width":278,"height":101,"caption":"Prodaja haljina"},"image":{"@id":"https:\/\/olivera-atelier.com\/rs\/#\/schema\/logo\/image\/"},"sameAs":["https:\/\/www.facebook.com\/Olivera-Atelier-101270025105870\/","https:\/\/www.instagram.com\/olivera_atelier\/"]}]}},"_links":{"self":[{"href":"https:\/\/olivera-atelier.com\/rs\/wp-json\/wp\/v2\/product\/8564","targetHints":{"allow":["GET"]}}],"collection":[{"href":"https:\/\/olivera-atelier.com\/rs\/wp-json\/wp\/v2\/product"}],"about":[{"href":"https:\/\/olivera-atelier.com\/rs\/wp-json\/wp\/v2\/types\/product"}],"replies":[{"embeddable":true,"href":"https:\/\/olivera-atelier.com\/rs\/wp-json\/wp\/v2\/comments?post=8564"}],"wp:featuredmedia":[{"embeddable":true,"href":"https:\/\/olivera-atelier.com\/rs\/wp-json\/wp\/v2\/media\/9186"}],"wp:attachment":[{"href":"https:\/\/olivera-atelier.com\/rs\/wp-json\/wp\/v2\/media?parent=8564"}],"wp:term":[{"taxonomy":"product_brand","embeddable":true,"href":"https:\/\/olivera-atelier.com\/rs\/wp-json\/wp\/v2\/product_brand?post=8564"},{"taxonomy":"product_cat","embeddable":true,"href":"https:\/\/olivera-atelier.com\/rs\/wp-json\/wp\/v2\/product_cat?post=8564"},{"taxonomy":"product_tag","embeddable":true,"href":"https:\/\/olivera-atelier.com\/rs\/wp-json\/wp\/v2\/product_tag?post=8564"}],"curies":[{"name":"wp","href":"https:\/\/api.w.org\/{rel}","templated":true}]}}