{"id":8566,"date":"2022-04-13T02:00:26","date_gmt":"2022-04-13T00:00:26","guid":{"rendered":"https:\/\/olivera-atelier.com\/?post_type=product&#038;p=8566"},"modified":"2024-12-09T22:00:31","modified_gmt":"2024-12-09T20:00:31","slug":"haljina-srednje-duzine-sa-ruzom-od-organdina","status":"publish","type":"product","link":"https:\/\/olivera-atelier.com\/rs\/product\/haljina-srednje-duzine-sa-ruzom-od-organdina\/","title":{"rendered":"Haljina srednje du\u017eine sa ru\u017eom od organdina"},"content":{"rendered":"<p>Haljina srednje du\u017eine koja u delu korseta sa prednje strane ima otvorene u\u0161itke kao i \u0161iroku bretelu oko ramena koja po\u010dinje i zavr\u0161ava se iz desnog ugla korseta. Donji deo ima ne\u0161to dublji \u0161lic sa leve strane. Pad haljine je takav da blago otvara \u0161lic koji modelu daje izuzetnu dozu sofisticiranosti. Model ima tanak pojas koji je sastavni deo haljine u koji se mo\u017ee ubaciti ru\u017ea od organdina kao modni detalj. Mo\u017eete je kombinovati uz sandale ili salonke u neutralnoj boji, kao i pismo ta\u0161nu ili ta\u0161nu srednje veli\u010dine.<\/p>\n","protected":false},"excerpt":{"rendered":"<p>Sastav materijala: 100% poliester<\/p>\n","protected":false},"featured_media":9187,"comment_status":"open","ping_status":"closed","template":"","meta":[],"product_brand":[],"product_cat":[71],"product_tag":[],"class_list":{"0":"post-8566","1":"product","2":"type-product","3":"status-publish","4":"has-post-thumbnail","6":"product_cat-blossom-by-blossom","8":"first","9":"outofstock","10":"shipping-taxable","11":"purchasable","12":"product-type-variable"},"yoast_head":"<!-- This site is optimized with the Yoast SEO plugin v26.9 - https:\/\/yoast.com\/product\/yoast-seo-wordpress\/ -->\n<title>Haljina srednje du\u017eine sa ru\u017eom od organdina || Olivera Atelier<\/title>\n<meta name=\"description\" content=\"Haljina srednje du\u017eine sa ru\u017eom od organdina - Haljina srednje du\u017eine koja u delu korseta sa prednje strane ima otvorene u\u0161itke kao i ...\" \/>\n<meta name=\"robots\" content=\"index, follow, max-snippet:-1, max-image-preview:large, max-video-preview:-1\" \/>\n<link rel=\"canonical\" href=\"https:\/\/olivera-atelier.com\/rs\/product\/haljina-srednje-duzine-sa-ruzom-od-organdina\/\" \/>\n<meta property=\"og:locale\" content=\"sr_RS\" \/>\n<meta property=\"og:type\" content=\"article\" \/>\n<meta property=\"og:title\" content=\"Haljina srednje du\u017eine sa ru\u017eom od organdina || Olivera Atelier\" \/>\n<meta property=\"og:description\" content=\"Haljina srednje du\u017eine sa ru\u017eom od organdina - Haljina srednje du\u017eine koja u delu korseta sa prednje strane ima otvorene u\u0161itke kao i ...\" \/>\n<meta property=\"og:url\" content=\"https:\/\/olivera-atelier.com\/rs\/product\/haljina-srednje-duzine-sa-ruzom-od-organdina\/\" \/>\n<meta property=\"og:site_name\" content=\"Prodaja haljina\" \/>\n<meta property=\"article:publisher\" content=\"https:\/\/www.facebook.com\/Olivera-Atelier-101270025105870\/\" \/>\n<meta property=\"article:modified_time\" content=\"2024-12-09T20:00:31+00:00\" \/>\n<meta property=\"og:image\" content=\"https:\/\/olivera-atelier.com\/rs\/wp-content\/uploads\/2022\/04\/Haljina-srednje-duzine-sa-ruzom-od-organdina-1.jpg\" \/>\n\t<meta property=\"og:image:width\" content=\"600\" \/>\n\t<meta property=\"og:image:height\" content=\"900\" \/>\n\t<meta property=\"og:image:type\" content=\"image\/jpeg\" \/>\n<meta name=\"twitter:card\" content=\"summary_large_image\" \/>\n<meta name=\"twitter:label1\" content=\"Procenjeno vreme \u010ditanja\" \/>\n\t<meta name=\"twitter:data1\" content=\"1 minut\" \/>\n<script type=\"application\/ld+json\" class=\"yoast-schema-graph\">{\"@context\":\"https:\/\/schema.org\",\"@graph\":[{\"@type\":\"WebPage\",\"@id\":\"https:\/\/olivera-atelier.com\/rs\/product\/haljina-srednje-duzine-sa-ruzom-od-organdina\/\",\"url\":\"https:\/\/olivera-atelier.com\/rs\/product\/haljina-srednje-duzine-sa-ruzom-od-organdina\/\",\"name\":\"Haljina srednje du\u017eine sa ru\u017eom od organdina || Olivera Atelier\",\"isPartOf\":{\"@id\":\"https:\/\/olivera-atelier.com\/rs\/#website\"},\"primaryImageOfPage\":{\"@id\":\"https:\/\/olivera-atelier.com\/rs\/product\/haljina-srednje-duzine-sa-ruzom-od-organdina\/#primaryimage\"},\"image\":{\"@id\":\"https:\/\/olivera-atelier.com\/rs\/product\/haljina-srednje-duzine-sa-ruzom-od-organdina\/#primaryimage\"},\"thumbnailUrl\":\"https:\/\/olivera-atelier.com\/rs\/wp-content\/uploads\/2022\/04\/Haljina-srednje-duzine-sa-ruzom-od-organdina-1.jpg\",\"datePublished\":\"2022-04-13T00:00:26+00:00\",\"dateModified\":\"2024-12-09T20:00:31+00:00\",\"description\":\"Haljina srednje du\u017eine sa ru\u017eom od organdina - Haljina srednje du\u017eine koja u delu korseta sa prednje strane ima otvorene u\u0161itke kao i ...\",\"breadcrumb\":{\"@id\":\"https:\/\/olivera-atelier.com\/rs\/product\/haljina-srednje-duzine-sa-ruzom-od-organdina\/#breadcrumb\"},\"inLanguage\":\"sr-RS\",\"potentialAction\":[{\"@type\":\"ReadAction\",\"target\":[\"https:\/\/olivera-atelier.com\/rs\/product\/haljina-srednje-duzine-sa-ruzom-od-organdina\/\"]}]},{\"@type\":\"ImageObject\",\"inLanguage\":\"sr-RS\",\"@id\":\"https:\/\/olivera-atelier.com\/rs\/product\/haljina-srednje-duzine-sa-ruzom-od-organdina\/#primaryimage\",\"url\":\"https:\/\/olivera-atelier.com\/rs\/wp-content\/uploads\/2022\/04\/Haljina-srednje-duzine-sa-ruzom-od-organdina-1.jpg\",\"contentUrl\":\"https:\/\/olivera-atelier.com\/rs\/wp-content\/uploads\/2022\/04\/Haljina-srednje-duzine-sa-ruzom-od-organdina-1.jpg\",\"width\":600,\"height\":900},{\"@type\":\"BreadcrumbList\",\"@id\":\"https:\/\/olivera-atelier.com\/rs\/product\/haljina-srednje-duzine-sa-ruzom-od-organdina\/#breadcrumb\",\"itemListElement\":[{\"@type\":\"ListItem\",\"position\":1,\"name\":\"Po\u010detna\",\"item\":\"https:\/\/olivera-atelier.com\/rs\/\"},{\"@type\":\"ListItem\",\"position\":2,\"name\":\"Proizvodi\",\"item\":\"https:\/\/olivera-atelier.com\/rs\/proizvodi\/\"},{\"@type\":\"ListItem\",\"position\":3,\"name\":\"Haljina srednje du\u017eine sa ru\u017eom od organdina\"}]},{\"@type\":\"WebSite\",\"@id\":\"https:\/\/olivera-atelier.com\/rs\/#website\",\"url\":\"https:\/\/olivera-atelier.com\/rs\/\",\"name\":\"Prodaja haljina\",\"description\":\"Haljine visoke mode\",\"publisher\":{\"@id\":\"https:\/\/olivera-atelier.com\/rs\/#organization\"},\"potentialAction\":[{\"@type\":\"SearchAction\",\"target\":{\"@type\":\"EntryPoint\",\"urlTemplate\":\"https:\/\/olivera-atelier.com\/rs\/?s={search_term_string}\"},\"query-input\":{\"@type\":\"PropertyValueSpecification\",\"valueRequired\":true,\"valueName\":\"search_term_string\"}}],\"inLanguage\":\"sr-RS\"},{\"@type\":\"Organization\",\"@id\":\"https:\/\/olivera-atelier.com\/rs\/#organization\",\"name\":\"Prodaja haljina\",\"url\":\"https:\/\/olivera-atelier.com\/rs\/\",\"logo\":{\"@type\":\"ImageObject\",\"inLanguage\":\"sr-RS\",\"@id\":\"https:\/\/olivera-atelier.com\/rs\/#\/schema\/logo\/image\/\",\"url\":\"https:\/\/olivera-atelier.com\/wp-content\/uploads\/2022\/04\/Olivera-Logo.png\",\"contentUrl\":\"https:\/\/olivera-atelier.com\/wp-content\/uploads\/2022\/04\/Olivera-Logo.png\",\"width\":278,\"height\":101,\"caption\":\"Prodaja haljina\"},\"image\":{\"@id\":\"https:\/\/olivera-atelier.com\/rs\/#\/schema\/logo\/image\/\"},\"sameAs\":[\"https:\/\/www.facebook.com\/Olivera-Atelier-101270025105870\/\",\"https:\/\/www.instagram.com\/olivera_atelier\/\"]}]}<\/script>\n<!-- \/ Yoast SEO plugin. -->","yoast_head_json":{"title":"Haljina srednje du\u017eine sa ru\u017eom od organdina || Olivera Atelier","description":"Haljina srednje du\u017eine sa ru\u017eom od organdina - Haljina srednje du\u017eine koja u delu korseta sa prednje strane ima otvorene u\u0161itke kao i ...","robots":{"index":"index","follow":"follow","max-snippet":"max-snippet:-1","max-image-preview":"max-image-preview:large","max-video-preview":"max-video-preview:-1"},"canonical":"https:\/\/olivera-atelier.com\/rs\/product\/haljina-srednje-duzine-sa-ruzom-od-organdina\/","og_locale":"sr_RS","og_type":"article","og_title":"Haljina srednje du\u017eine sa ru\u017eom od organdina || Olivera Atelier","og_description":"Haljina srednje du\u017eine sa ru\u017eom od organdina - Haljina srednje du\u017eine koja u delu korseta sa prednje strane ima otvorene u\u0161itke kao i ...","og_url":"https:\/\/olivera-atelier.com\/rs\/product\/haljina-srednje-duzine-sa-ruzom-od-organdina\/","og_site_name":"Prodaja haljina","article_publisher":"https:\/\/www.facebook.com\/Olivera-Atelier-101270025105870\/","article_modified_time":"2024-12-09T20:00:31+00:00","og_image":[{"width":600,"height":900,"url":"https:\/\/olivera-atelier.com\/rs\/wp-content\/uploads\/2022\/04\/Haljina-srednje-duzine-sa-ruzom-od-organdina-1.jpg","type":"image\/jpeg"}],"twitter_card":"summary_large_image","twitter_misc":{"Procenjeno vreme \u010ditanja":"1 minut"},"schema":{"@context":"https:\/\/schema.org","@graph":[{"@type":"WebPage","@id":"https:\/\/olivera-atelier.com\/rs\/product\/haljina-srednje-duzine-sa-ruzom-od-organdina\/","url":"https:\/\/olivera-atelier.com\/rs\/product\/haljina-srednje-duzine-sa-ruzom-od-organdina\/","name":"Haljina srednje du\u017eine sa ru\u017eom od organdina || Olivera Atelier","isPartOf":{"@id":"https:\/\/olivera-atelier.com\/rs\/#website"},"primaryImageOfPage":{"@id":"https:\/\/olivera-atelier.com\/rs\/product\/haljina-srednje-duzine-sa-ruzom-od-organdina\/#primaryimage"},"image":{"@id":"https:\/\/olivera-atelier.com\/rs\/product\/haljina-srednje-duzine-sa-ruzom-od-organdina\/#primaryimage"},"thumbnailUrl":"https:\/\/olivera-atelier.com\/rs\/wp-content\/uploads\/2022\/04\/Haljina-srednje-duzine-sa-ruzom-od-organdina-1.jpg","datePublished":"2022-04-13T00:00:26+00:00","dateModified":"2024-12-09T20:00:31+00:00","description":"Haljina srednje du\u017eine sa ru\u017eom od organdina - Haljina srednje du\u017eine koja u delu korseta sa prednje strane ima otvorene u\u0161itke kao i ...","breadcrumb":{"@id":"https:\/\/olivera-atelier.com\/rs\/product\/haljina-srednje-duzine-sa-ruzom-od-organdina\/#breadcrumb"},"inLanguage":"sr-RS","potentialAction":[{"@type":"ReadAction","target":["https:\/\/olivera-atelier.com\/rs\/product\/haljina-srednje-duzine-sa-ruzom-od-organdina\/"]}]},{"@type":"ImageObject","inLanguage":"sr-RS","@id":"https:\/\/olivera-atelier.com\/rs\/product\/haljina-srednje-duzine-sa-ruzom-od-organdina\/#primaryimage","url":"https:\/\/olivera-atelier.com\/rs\/wp-content\/uploads\/2022\/04\/Haljina-srednje-duzine-sa-ruzom-od-organdina-1.jpg","contentUrl":"https:\/\/olivera-atelier.com\/rs\/wp-content\/uploads\/2022\/04\/Haljina-srednje-duzine-sa-ruzom-od-organdina-1.jpg","width":600,"height":900},{"@type":"BreadcrumbList","@id":"https:\/\/olivera-atelier.com\/rs\/product\/haljina-srednje-duzine-sa-ruzom-od-organdina\/#breadcrumb","itemListElement":[{"@type":"ListItem","position":1,"name":"Po\u010detna","item":"https:\/\/olivera-atelier.com\/rs\/"},{"@type":"ListItem","position":2,"name":"Proizvodi","item":"https:\/\/olivera-atelier.com\/rs\/proizvodi\/"},{"@type":"ListItem","position":3,"name":"Haljina srednje du\u017eine sa ru\u017eom od organdina"}]},{"@type":"WebSite","@id":"https:\/\/olivera-atelier.com\/rs\/#website","url":"https:\/\/olivera-atelier.com\/rs\/","name":"Prodaja haljina","description":"Haljine visoke mode","publisher":{"@id":"https:\/\/olivera-atelier.com\/rs\/#organization"},"potentialAction":[{"@type":"SearchAction","target":{"@type":"EntryPoint","urlTemplate":"https:\/\/olivera-atelier.com\/rs\/?s={search_term_string}"},"query-input":{"@type":"PropertyValueSpecification","valueRequired":true,"valueName":"search_term_string"}}],"inLanguage":"sr-RS"},{"@type":"Organization","@id":"https:\/\/olivera-atelier.com\/rs\/#organization","name":"Prodaja haljina","url":"https:\/\/olivera-atelier.com\/rs\/","logo":{"@type":"ImageObject","inLanguage":"sr-RS","@id":"https:\/\/olivera-atelier.com\/rs\/#\/schema\/logo\/image\/","url":"https:\/\/olivera-atelier.com\/wp-content\/uploads\/2022\/04\/Olivera-Logo.png","contentUrl":"https:\/\/olivera-atelier.com\/wp-content\/uploads\/2022\/04\/Olivera-Logo.png","width":278,"height":101,"caption":"Prodaja haljina"},"image":{"@id":"https:\/\/olivera-atelier.com\/rs\/#\/schema\/logo\/image\/"},"sameAs":["https:\/\/www.facebook.com\/Olivera-Atelier-101270025105870\/","https:\/\/www.instagram.com\/olivera_atelier\/"]}]}},"_links":{"self":[{"href":"https:\/\/olivera-atelier.com\/rs\/wp-json\/wp\/v2\/product\/8566","targetHints":{"allow":["GET"]}}],"collection":[{"href":"https:\/\/olivera-atelier.com\/rs\/wp-json\/wp\/v2\/product"}],"about":[{"href":"https:\/\/olivera-atelier.com\/rs\/wp-json\/wp\/v2\/types\/product"}],"replies":[{"embeddable":true,"href":"https:\/\/olivera-atelier.com\/rs\/wp-json\/wp\/v2\/comments?post=8566"}],"wp:featuredmedia":[{"embeddable":true,"href":"https:\/\/olivera-atelier.com\/rs\/wp-json\/wp\/v2\/media\/9187"}],"wp:attachment":[{"href":"https:\/\/olivera-atelier.com\/rs\/wp-json\/wp\/v2\/media?parent=8566"}],"wp:term":[{"taxonomy":"product_brand","embeddable":true,"href":"https:\/\/olivera-atelier.com\/rs\/wp-json\/wp\/v2\/product_brand?post=8566"},{"taxonomy":"product_cat","embeddable":true,"href":"https:\/\/olivera-atelier.com\/rs\/wp-json\/wp\/v2\/product_cat?post=8566"},{"taxonomy":"product_tag","embeddable":true,"href":"https:\/\/olivera-atelier.com\/rs\/wp-json\/wp\/v2\/product_tag?post=8566"}],"curies":[{"name":"wp","href":"https:\/\/api.w.org\/{rel}","templated":true}]}}